{"id":10,"date":"2022-07-25T10:25:53","date_gmt":"2022-07-25T14:25:53","guid":{"rendered":"https:\/\/www.cbbenefits.ca\/\/\/?page_id=10"},"modified":"2025-06-18T12:00:51","modified_gmt":"2025-06-18T16:00:51","slug":"home","status":"publish","type":"page","link":"https:\/\/www.bcavantages.ca\/fr\/","title":{"rendered":"Accueil"},"content":{"rendered":"  <div id=\"home-slider-block_794960d4d407837a39e637c6cb668ca4\" class=\"home-slider\">\r\n\r\n\r\n    <div class=\"home-slider__slider\" data-loop-back=\"true\" js-slider data-drag=\"true\" data-autoadvance=\"false\" data-autoadvance-timer=\"4000\" data-item-per-slide-desktop=\"1\" data-item-per-slide-mobile=\"1\">\r\n      <div js-slider-drag class=\"home-slider__drag\" >\r\n        <div js-slider-flexer class=\"home-slider__flexer\">\r\n\r\n          \r\n\r\n            <div js-slider-item class=\"home-slider__item\" id=\"home-slider-block_794960d4d407837a39e637c6cb668ca4_slide_0\">\r\n              <div js-slider-inner class=\"home-slider__inner\" style=\"background-image: url('\/wp-content\/uploads\/2025\/06\/cbbenefits-guided-outcomes-01-wide.jpg')\">\r\n                <div class=\"home-slider__wrapper\">\r\n                  <div class=\"home-slider__content\">\r\n                    <div class=\"home-slider__heading\">\r\n                      Fixez et atteignez vos objectifs financiers. <br>Allez-y avec GO!                    <\/div>\r\n                    <div class=\"home-slider__body\">\r\n                      <p>Le r\u00e9gime BC Avantages a fait \u00e9quipe avec Eckler pour vous offrir l\u2019acc\u00e8s \u00e0 une plateforme de planification financi\u00e8re appel\u00e9e Guided <strong>Outcomes<sup>MC<\/sup><\/strong> ou <strong>GO<\/strong>.<\/p>\n                    <\/div>\r\n                    <div class=\"home-slider__action\">\r\n\r\n                                              <a href=\"https:\/\/cbbenefits.ca\/fr\/retraite-et-epargne\/guided-outcomes\/\" >\r\n                          <span class=\"btn\">Obtenez plus de d\u00e9tails<\/span>\r\n                        <\/a>\r\n                      \r\n                    <\/div>\r\n                  <\/div>\r\n                <\/div>\r\n\r\n              <\/div>\r\n            <\/div>\r\n          \r\n\r\n            <div js-slider-item class=\"home-slider__item\" id=\"home-slider-block_794960d4d407837a39e637c6cb668ca4_slide_1\">\r\n              <div js-slider-inner class=\"home-slider__inner\" style=\"background-image: url('\/wp-content\/uploads\/2022\/08\/home-slider-1920x729.jpg')\">\r\n                <div class=\"home-slider__wrapper\">\r\n                  <div class=\"home-slider__content\">\r\n                    <div class=\"home-slider__heading\">\r\n                      Vos r\u00e9gimes de retraite et d\u2019\u00e9pargne sont g\u00e9r\u00e9es par Canada Vie.                    <\/div>\r\n                    <div class=\"home-slider__body\">\r\n                      <p>Vous pouvez vous inscrire et\/ou acc\u00e9der \u00e0 votre ou vos comptes.<\/p>\n                    <\/div>\r\n                    <div class=\"home-slider__action\">\r\n\r\n                                              <a href=\"https:\/\/www.bienvenue.canadavie.com\/cbbenefits\" target=\"_blank\">\r\n                          <span class=\"btn\">Pour plus d\u2019info, consultez le site Web de la Canada&nbsp;Vie.<\/span>\r\n                        <\/a>\r\n                      \r\n                    <\/div>\r\n                  <\/div>\r\n                <\/div>\r\n\r\n              <\/div>\r\n            <\/div>\r\n          \r\n\r\n            <div js-slider-item class=\"home-slider__item\" id=\"home-slider-block_794960d4d407837a39e637c6cb668ca4_slide_2\">\r\n              <div js-slider-inner class=\"home-slider__inner\" style=\"background-image: url('\/wp-content\/uploads\/2022\/08\/Slider-1-1-scaled-2-1920x729.jpg')\">\r\n                <div class=\"home-slider__wrapper\">\r\n                  <div class=\"home-slider__content\">\r\n                    <div class=\"home-slider__heading\">\r\n                      Vous envisagez de prendre votre retraite?                     <\/div>\r\n                    <div class=\"home-slider__body\">\r\n                      <p>Obtenez de l&rsquo;aide gr\u00e2ce au service \u00ab\u00a0Pr\u00eat pour la retraite\u00a0\u00bb.<\/p>\n                    <\/div>\r\n                    <div class=\"home-slider__action\">\r\n\r\n                                              <a href=\"\/fr\/retraite-et-epargne\/a-la-retraite-ou-sur-le-point-de-quitter-la-vie-active\/#vous-songez-a-la-retraite\" >\r\n                          <span class=\"btn\">Pour en savoir plus<\/span>\r\n                        <\/a>\r\n                      \r\n                    <\/div>\r\n                  <\/div>\r\n                <\/div>\r\n\r\n              <\/div>\r\n            <\/div>\r\n          \r\n\r\n            <div js-slider-item class=\"home-slider__item\" id=\"home-slider-block_794960d4d407837a39e637c6cb668ca4_slide_3\">\r\n              <div js-slider-inner class=\"home-slider__inner\" style=\"background-image: url('\/wp-content\/uploads\/2022\/08\/slider-3-scaled-1-scaled-1-1920x729.png')\">\r\n                <div class=\"home-slider__wrapper\">\r\n                  <div class=\"home-slider__content\">\r\n                    <div class=\"home-slider__heading\">\r\n                      Vous voulez savoir si un service est couvert par votre r\u00e9gime d\u2019avantages sociaux?                    <\/div>\r\n                    <div class=\"home-slider__body\">\r\n                                          <\/div>\r\n                    <div class=\"home-slider__action\">\r\n\r\n                                              <a href=\"\/wp-content\/uploads\/2022\/07\/CBBenefits_BenefitsMemberGuide_FR.pdf\" target=\"_blank\">\r\n                          <span class=\"btn\">Consultez la brochure du r\u00e9gime.<\/span>\r\n                        <\/a>\r\n                      \r\n                    <\/div>\r\n                  <\/div>\r\n                <\/div>\r\n\r\n              <\/div>\r\n            <\/div>\r\n          \r\n\r\n            <div js-slider-item class=\"home-slider__item\" id=\"home-slider-block_794960d4d407837a39e637c6cb668ca4_slide_4\">\r\n              <div js-slider-inner class=\"home-slider__inner\" style=\"background-image: url('\/wp-content\/uploads\/2022\/08\/slider-4-2-scaled-1-1920x729.jpg')\">\r\n                <div class=\"home-slider__wrapper\">\r\n                  <div class=\"home-slider__content\">\r\n                    <div class=\"home-slider__heading\">\r\n                      Soins de sant\u00e9 Consult+                    <\/div>\r\n                    <div class=\"home-slider__body\">\r\n                      <p>Une excellente prestation dans le cadre de votre r\u00e9gime d&rsquo;avantages sociaux!<\/p>\n                    <\/div>\r\n                    <div class=\"home-slider__action\">\r\n\r\n                                              <a href=\"\/wp-content\/uploads\/2022\/07\/Tout-savoir-sur-Consult.pdf\" target=\"_blank\">\r\n                          <span class=\"btn\">Obtenez plus d\u2019info <\/span>\r\n                        <\/a>\r\n                                              <a href=\"https:\/\/share.vidyard.com\/watch\/AABVBnXbvrQYgwDojfRaX4\" target=\"_blank\">\r\n                          <span class=\"btn\">Cr\u00e9ez votre compte<\/span>\r\n                        <\/a>\r\n                      \r\n                    <\/div>\r\n                  <\/div>\r\n                <\/div>\r\n\r\n              <\/div>\r\n            <\/div>\r\n                  <\/div>\r\n      <\/div>\r\n      <div js-slider-indicators class=\"home-slider__indicators\" aria-hidden=\"true\"><\/div>\r\n      <div js-slider-nav class=\"home-slider__nav\" class=\"home-slider__nav\">\r\n        <span js-slider-previous role=\"button\" title=\"Pr\u00e9c\u00e9dent\" class=\"home-slider__previous\"><\/span>\r\n        <span js-slider-next role=\"button\" title=\"Suivante\" class=\"home-slider__next\"><\/span>\r\n      <\/div>\r\n    <\/div>\r\n\r\n  <\/div>\r\n\n\n   <div id=\"spacer-block_82508360fac72bec8b702260a6634182\" class=\"spacer spacer--regular\">\r\n\r\n   <\/div>\r\n\n\n\n<div class=\"wp-block-group is-style-equal-margin\"><div class=\"wp-block-group__inner-container is-layout-flow wp-block-group-is-layout-flow\">\n<div class=\"wp-block-columns separation-border is-layout-flex wp-container-core-columns-is-layout-9d6595d7 wp-block-columns-is-layout-flex\">\n<div class=\"wp-block-column is-layout-flow wp-block-column-is-layout-flow\">\n<h1 class=\"wp-block-heading h1-alt\">Bienvenue \u00e0 BC Avantages&nbsp;:<br>Offrir des possibilit\u00e9s<\/h1>\n\n\n\n<p>\u00c0 titre d\u2019employ\u00e9 membre de la famille de confessions religieuses, d\u2019\u00e9glises et de partenaires des Baptistes canadiens, vous avez acc\u00e8s \u00e0 des options souples et viables en mati\u00e8re d\u2019avantages sociaux et d\u2019\u00e9pargne.<\/p>\n\n\n\n<p>Que vous soyez en d\u00e9but de carri\u00e8re, \u00e0 la veille de la retraite ou quelque part entre les deux, vous pouvez obtenir tous les renseignements n\u00e9cessaires sur la retraite et les avantages sociaux pour vous sentir appuy\u00e9 physiquement, mentalement et financi\u00e8rement. Nous avons tout pr\u00e9vu!<\/p>\n\n\n\n<p>Vous consacrez beaucoup de votre temps \u00e0 prendre soins d\u2019autres personnes. Ainsi, nous voulons que vos r\u00e9gimes d\u2019avantages sociaux et d\u2019\u00e9pargne puissent facilement prendre soin de vous.<\/p>\n\n\n\n<p>Utilisez ce site pour vous familiariser avec les options offertes de sorte que vous puissiez tirer pleinement parti de ces composantes avantageuses de votre programme de r\u00e9mun\u00e9ration global.<\/p>\n<\/div>\n\n\n\n<div class=\"wp-block-column is-layout-flow wp-block-column-is-layout-flow\">  <div id=\"post-list-block_135e3a85a810430fc747e13f42f55cd3\" class=\"post-list\">\r\n    <div class=\"post-list__container\">\r\n      <div class=\"post-list__heading\">\r\n        <h2 class=\"h1-alt\">Quoi de neuf?<\/h2>\r\n      <\/div>\r\n          <div class=\"post-render-list\">\r\n                    <div class=\"post-render-list__item green\">\r\n                    <div class=\"post-render-list__item__date\">\r\n            20 oct 2025          <\/div>\r\n          <div class=\"post-render-list__item__title\">\r\n            <a href=\"\/fr\/news\/preparatifs-en-vue-de-la-saison-a-venir\/\">Pr\u00e9paratifs en vue de la saison \u00e0 venir<\/a>\r\n          <\/div>\r\n\r\n          <div class=\"post-render-list__item__excerpt\">\r\n            <a href=\"\/fr\/news\/preparatifs-en-vue-de-la-saison-a-venir\/\">\r\n               \n Pr\u00e9paratifs en vue de la saison \u00e0 venir \n \n\n \n La p\u00e9riode d\u2019adh\u00e9sion bisannuelle du r\u00e9gime BC Avantages d\u00e9but&#8230;<span class=\"post-render-list__item__readmore\">Plus de d\u00e9tails<\/span>\r\n            <\/a>\r\n          <\/div>\r\n\r\n\r\n          \r\n\r\n          <div class=\"post-render-list__item__categories\">\r\n                          <span class=\"post-render-list__item__category\" data-category=\"health-wellbeing\"><\/span>\r\n                      <\/div>\r\n        <\/div>\r\n              <div class=\"post-render-list__item blue\">\r\n                    <div class=\"post-render-list__item__date\">\r\n            22 sep 2025          <\/div>\r\n          <div class=\"post-render-list__item__title\">\r\n            <a href=\"\/fr\/news\/gardez-le-cap-sur-vos-objectifs-depargne-avec-go\/\">Gardez le cap sur vos objectifs d\u2019\u00e9pargne avec GO!<\/a>\r\n          <\/div>\r\n\r\n          <div class=\"post-render-list__item__excerpt\">\r\n            <a href=\"\/fr\/news\/gardez-le-cap-sur-vos-objectifs-depargne-avec-go\/\">\r\n               \n Proverbes 15:22 \u00ab Les projets \u00e9chouent dans l\u2019absence de conseils, mais ils r\u00e9ussissent quand il y a de nombreux&#8230;<span class=\"post-render-list__item__readmore\">Plus de d\u00e9tails<\/span>\r\n            <\/a>\r\n          <\/div>\r\n\r\n\r\n          \r\n\r\n          <div class=\"post-render-list__item__categories\">\r\n                          <span class=\"post-render-list__item__category\" data-category=\"retirement-savings\"><\/span>\r\n                          <span class=\"post-render-list__item__category\" data-category=\"retirement-savings\"><\/span>\r\n                      <\/div>\r\n        <\/div>\r\n              <div class=\"post-render-list__item blue\">\r\n                    <div class=\"post-render-list__item__date\">\r\n            6 jun 2025          <\/div>\r\n          <div class=\"post-render-list__item__title\">\r\n            <a href=\"\/fr\/news\/gardez-le-cap-sur-vos-objectifs-depargne-grace-a-nos-conseils-et-a-un-nouvel-outil-offert-des-le-18-juin\/\">Gardez le cap sur vos objectifs d\u2019\u00e9pargne gr\u00e2ce \u00e0 nos conseils, et \u00e0 un nouvel outil offert d\u00e8s le 18 juin!<\/a>\r\n          <\/div>\r\n\r\n          <div class=\"post-render-list__item__excerpt\">\r\n            <a href=\"\/fr\/news\/gardez-le-cap-sur-vos-objectifs-depargne-grace-a-nos-conseils-et-a-un-nouvel-outil-offert-des-le-18-juin\/\">\r\n               \n Gardez le cap sur vos objectifs d\u2019\u00e9pargne gr\u00e2ce \u00e0 nos conseils, et \u00e0 un nouvel outil offert d\u00e8s le 18 juin! \n &#8230;<span class=\"post-render-list__item__readmore\">Plus de d\u00e9tails<\/span>\r\n            <\/a>\r\n          <\/div>\r\n\r\n\r\n          \r\n\r\n          <div class=\"post-render-list__item__categories\">\r\n                          <span class=\"post-render-list__item__category\" data-category=\"retirement-savings\"><\/span>\r\n                          <span class=\"post-render-list__item__category\" data-category=\"retirement-savings\"><\/span>\r\n                      <\/div>\r\n        <\/div>\r\n          <\/div>\r\n    \r\n      <div class=\"post-list__action\">\r\n                  <a href=\"\/fr\/nouvelles\/\">\r\n            <span class=\"btn btn--blue btn--full\">Quoi de neuf<\/span>\r\n          <\/a>\r\n        \r\n      <\/div>\r\n    <\/div>\r\n  <\/div>\r\n<\/div>\n<\/div>\n<\/div><\/div>\n\n\n   <div id=\"spacer-block_82508360fac72bec8b702260a6634182\" class=\"spacer spacer--regular\">\r\n\r\n   <\/div>\r\n\n\n   <div id=\"cta-circle-block_5a23ae90a0d9c757455f509c8bf1833a\" class=\"cta-circle\">\r\n     <div class=\"cta-circle__items\">\r\n                <div class=\"cta-circle__item green top_right\">\r\n           <div class=\"cta-circle__flex\">\r\n             <div class=\"cta-circle__image\">\r\n               <div class=\"cta-circle__image__circle\" style=\"background-image:url('\/wp-content\/uploads\/2022\/08\/Health-Wellbeing-CTA-scaled-1-1920x1068.jpg')\"><\/div>\r\n             <\/div>\r\n\r\n             <div class=\"cta-circle__content\">\r\n               <div class=\"cta-cirlce__icon\">\r\n                  <img decoding=\"async\" src=\"\/wp-content\/uploads\/2022\/07\/health.png\" alt=\"\" style=\"width: 90%;\">\r\n               <\/div>\r\n               <div class=\"cta-circle__heading\">\r\n                 Sant\u00e9 et bien-\u00eatre               <\/div>\r\n\r\n               <div class=\"cta-circle__body\">\r\n                 <p>Le r\u00e9gime d\u2019avantages sociaux des Baptistes canadiens (RASBC) joue un r\u00f4le de premier plan dans la protection de la sant\u00e9 et du bien-\u00eatre de votre famille. Le r\u00e9gime a \u00e9t\u00e9 con\u00e7u pour vous fournir une protection compl\u00e8te tout en vous laissant une certaine souplesse dans l&rsquo;utilisation de vos avantages sociaux.<\/p>\n               <\/div>\r\n\r\n               <div class=\"cta-circle__action\">\r\n                 <a href=\"\/fr\/sante-et-bien-etre\/\">\r\n                   <span class=\"btn btn--green\">Plus de d\u00e9tails<\/span>\r\n                 <\/a>\r\n               <\/div>\r\n             <\/div>\r\n           <\/div>\r\n         <\/div>\r\n                <div class=\"cta-circle__item blue bottom_left\">\r\n           <div class=\"cta-circle__flex\">\r\n             <div class=\"cta-circle__image\">\r\n               <div class=\"cta-circle__image__circle\" style=\"background-image:url('\/wp-content\/uploads\/2022\/08\/Retirement-Savings-CTA-scaled-1-1920x1068.jpg')\"><\/div>\r\n             <\/div>\r\n\r\n             <div class=\"cta-circle__content\">\r\n               <div class=\"cta-cirlce__icon\">\r\n                  <img decoding=\"async\" src=\"\/wp-content\/uploads\/2022\/07\/reitrement.png\" alt=\"\" style=\"width: 90%;\">\r\n               <\/div>\r\n               <div class=\"cta-circle__heading\">\r\n                 Retraite et \u00e9pargne               <\/div>\r\n\r\n               <div class=\"cta-circle__body\">\r\n                 <p>Le programme de retraite et d\u2019\u00e9pargne BC Avantages, \u00e9l\u00e9ment important de votre programme de r\u00e9mun\u00e9ration global \u2013 et de votre bien-\u00eatre financier \u2013 est compos\u00e9 d\u2019un r\u00e9gime de retraite \u00e0 cotisations d\u00e9termin\u00e9es et d\u2019un Compte d\u2019\u00e9pargne libre d\u2019imp\u00f4t (CELI).<\/p>\n               <\/div>\r\n\r\n               <div class=\"cta-circle__action\">\r\n                 <a href=\"\/fr\/retraite-et-epargne\/\">\r\n                   <span class=\"btn btn--blue\">Plus de d\u00e9tails<\/span>\r\n                 <\/a>\r\n               <\/div>\r\n             <\/div>\r\n           <\/div>\r\n         <\/div>\r\n            <\/div>\r\n   <\/div>\r\n\n\n   <div id=\"spacer-block_82508360fac72bec8b702260a6634182\" class=\"spacer spacer--regular\">\r\n\r\n   <\/div>\r\n\n\n   <div id=\"text-slider-block_aa9dfdc9f4500577e09d0c5ba2395135\" class=\"text-slider\">\r\n     <div class=\"text-slider__slider\" js-slider data-drag=\"true\" data-autoadvance=\"false\" data-autoadvance-timer=\"4000\" data-item-per-slide-desktop=\"1\" data-item-per-slide-mobile=\"1\" data-loop-back=\"true\">\r\n       <div js-slider-drag class=\"text-slider__drag\">\r\n         <div js-slider-flexer class=\"text-slider__flexer\">\r\n\r\n           \r\n\r\n             <div js-slider-item class=\"text-slider__item\" id=\"text-slider-block_aa9dfdc9f4500577e09d0c5ba2395135_slide_0\">\r\n               <div js-slider-inner class=\"text-slider__inner\">\r\n\r\n                   <div class=\"text-slider__content\">\r\n                     <div class=\"text-slider__heading\">\r\n                       Le CGDS\u2026                     <\/div>\r\n                     <div class=\"text-slider__body\">\r\n                       <p>C\u2019est essentiellement une r\u00e9serve de capitaux qui peut \u00eatre utilis\u00e9e pour r\u00e9gler des d\u00e9penses de soins de sant\u00e9 et de soins dentaires qui sont admissibles en vertu de la <em>Loi de l\u2019imp\u00f4t sur le revenu<\/em> du Canada, comme les frais de m\u00e9dicaments qui d\u00e9passent les limites du r\u00e9gime ou des services param\u00e9dicaux comme les massages. Comme les sommes d\u00e9tenues dans votre CGDS y sont d\u00e9pos\u00e9es avant imp\u00f4t, elles vont beaucoup plus loin. Pour les r\u00e9sidents du Qu\u00e9bec, c\u2019est un avantage imposable au m\u00eame titre que les garanties de soins de sant\u00e9 r\u00e9guli\u00e8res.<\/p>\n                     <\/div>\r\n\r\n                   <\/div>\r\n\r\n\r\n               <\/div>\r\n             <\/div>\r\n           \r\n\r\n             <div js-slider-item class=\"text-slider__item\" id=\"text-slider-block_aa9dfdc9f4500577e09d0c5ba2395135_slide_1\">\r\n               <div js-slider-inner class=\"text-slider__inner\">\r\n\r\n                   <div class=\"text-slider__content\">\r\n                     <div class=\"text-slider__heading\">\r\n                       Un Compte d\u2019\u00e9pargne libre d\u2019imp\u00f4t (CELI)\u2026                     <\/div>\r\n                     <div class=\"text-slider__body\">\r\n                       <p>C\u2019est une fa\u00e7on flexible et pratique d\u2019\u00e9pargner, que ce soit en vue de l\u2019avenir ou pour faire face \u00e0 des p\u00e9riodes difficiles. &nbsp;Chaque ann\u00e9e, vous pouvez cotiser jusqu\u2019\u00e0 7 000 $ (en 2025) \u00e0 votre CELI et b\u00e9n\u00e9ficier de son accumulation en franchise d\u2019imp\u00f4t. Vous pouvez aussi retirer des fonds en tout temps, sans payer d\u2019imp\u00f4t, et reporter chaque ann\u00e9e vos droits de cotisation inutilis\u00e9s. Et, contrairement \u00e0 un r\u00e9gime de retraite, vous n\u2019\u00eates pas tenus de commencer \u00e0 en effectuer des retraits \u00e0 l\u2019\u00e2ge de 71 ans!<\/p>\n                     <\/div>\r\n\r\n                   <\/div>\r\n\r\n\r\n               <\/div>\r\n             <\/div>\r\n           \r\n\r\n             <div js-slider-item class=\"text-slider__item\" id=\"text-slider-block_aa9dfdc9f4500577e09d0c5ba2395135_slide_2\">\r\n               <div js-slider-inner class=\"text-slider__inner\">\r\n\r\n                   <div class=\"text-slider__content\">\r\n                     <div class=\"text-slider__heading\">\r\n                       Le saviez-vous?                     <\/div>\r\n                     <div class=\"text-slider__body\">\r\n                       <p>En investissant dans le R\u00e9gime de retraite baptiste canadien, vous b\u00e9n\u00e9ficiez d\u2019un acc\u00e8s privil\u00e9gi\u00e9 \u00e0 des fonds qui ne sont pas commercialis\u00e9s aupr\u00e8s du grand public. Voil\u00e0 un autre avantage d\u2019y participer!<\/p>\n                     <\/div>\r\n\r\n                   <\/div>\r\n\r\n\r\n               <\/div>\r\n             <\/div>\r\n           \r\n\r\n             <div js-slider-item class=\"text-slider__item\" id=\"text-slider-block_aa9dfdc9f4500577e09d0c5ba2395135_slide_3\">\r\n               <div js-slider-inner class=\"text-slider__inner\">\r\n\r\n                   <div class=\"text-slider__content\">\r\n                     <div class=\"text-slider__heading\">\r\n                       Le saviez-vous?                     <\/div>\r\n                     <div class=\"text-slider__body\">\r\n                       <p>En participant au r\u00e9gime BC Avantages, vous avez aussi acc\u00e8s au programme <em>Best Doctors<\/em>, qui offre divers services, allant de l\u2019obtention de conseils m\u00e9dicaux de base \u00e0 l\u2019\u00e9valuation approfondie de vos dossiers m\u00e9dicaux et de votre r\u00e9gime de traitements si vous, ou un proche, recevez le diagnostic d\u2019une maladie grave. Pour acc\u00e9der au programme <em>Best Doctors<\/em>, composez le 1-877-419-2378.<\/p>\n                     <\/div>\r\n\r\n                   <\/div>\r\n\r\n\r\n               <\/div>\r\n             <\/div>\r\n                    <\/div>\r\n       <\/div>\r\n       <div js-slider-indicators class=\"text-slider__indicators\" aria-hidden=\"true\"><\/div>\r\n       <div js-slider-nav class=\"text-slider__nav\" class=\"text-slider__nav\">\r\n         <span js-slider-previous role=\"button\" title=\"Pr\u00e9c\u00e9dent\" class=\"text-slider__previous\"><\/span>\r\n         <span js-slider-next role=\"button\" title=\"Suivante\" class=\"text-slider__next\"><\/span>\r\n       <\/div>\r\n     <\/div>\r\n   <\/div>\r\n\n\n   <div id=\"spacer-block_82508360fac72bec8b702260a6634182\" class=\"spacer spacer--regular\">\r\n\r\n   <\/div>\r\n","protected":false},"excerpt":{"rendered":"<p>Bienvenue \u00e0 BC Avantages&nbsp;:Offrir des possibilit\u00e9s \u00c0 titre d\u2019employ\u00e9 membre de la famille de confessions religieuses, d\u2019\u00e9glises et de partenaires des Baptistes canadiens, vous avez acc\u00e8s \u00e0 des options souples et viables en mati\u00e8re d\u2019avantages sociaux et d\u2019\u00e9pargne. Que vous soyez en d\u00e9but de carri\u00e8re, \u00e0 la veille de la retraite ou quelque part entre [&hellip;]<\/p>\n","protected":false},"author":1,"featured_media":0,"parent":0,"menu_order":0,"comment_status":"closed","ping_status":"closed","template":"","meta":{"_acf_changed":false,"footnotes":""},"class_list":["post-10","page","type-page","status-publish","hentry"],"acf":[],"_links":{"self":[{"href":"https:\/\/www.bcavantages.ca\/fr\/wp-json\/wp\/v2\/pages\/10","targetHints":{"allow":["GET"]}}],"collection":[{"href":"https:\/\/www.bcavantages.ca\/fr\/wp-json\/wp\/v2\/pages"}],"about":[{"href":"https:\/\/www.bcavantages.ca\/fr\/wp-json\/wp\/v2\/types\/page"}],"author":[{"embeddable":true,"href":"https:\/\/www.bcavantages.ca\/fr\/wp-json\/wp\/v2\/users\/1"}],"replies":[{"embeddable":true,"href":"https:\/\/www.bcavantages.ca\/fr\/wp-json\/wp\/v2\/comments?post=10"}],"version-history":[{"count":31,"href":"https:\/\/www.bcavantages.ca\/fr\/wp-json\/wp\/v2\/pages\/10\/revisions"}],"predecessor-version":[{"id":4931,"href":"https:\/\/www.bcavantages.ca\/fr\/wp-json\/wp\/v2\/pages\/10\/revisions\/4931"}],"wp:attachment":[{"href":"https:\/\/www.bcavantages.ca\/fr\/wp-json\/wp\/v2\/media?parent=10"}],"curies":[{"name":"wp","href":"https:\/\/api.w.org\/{rel}","templated":true}]}}