{"id":1600,"date":"2022-07-25T10:30:26","date_gmt":"2022-07-25T14:30:26","guid":{"rendered":"https:\/\/www.cbbenefits.ca\/\/?page_id=1600"},"modified":"2026-03-10T09:36:23","modified_gmt":"2026-03-10T13:36:23","slug":"contactez-nous","status":"publish","type":"page","link":"https:\/\/www.bcavantages.ca\/fr\/contactez-nous\/","title":{"rendered":"Contactez-nous"},"content":{"rendered":"  <div id=\"text-hero-block_3c2164368886acd23bed865278e73630\" class=\"text-hero\">\r\n    <div class=\"text-hero__container\">\r\n      <div class=\"text-hero__wrapper\">\r\n        <div class=\"text-hero__heading\">\r\n          <h1>Contactez-nous<\/h1>\r\n        <\/div>\r\n              <\/div>\r\n    <\/div>\r\n  <\/div>\r\n\n\n\n<div class=\"wp-block-group is-style-equal-margin\"><div class=\"wp-block-group__inner-container is-layout-flow wp-block-group-is-layout-flow\">\n<h2 class=\"wp-block-heading\">\u00c0 propos de BC Avantages<\/h2>\n\n\n\n<p>Le Conseil d\u2019administration des Minist\u00e8res Baptistes Canadiens a \u00e9tabli et maintient le&nbsp;R\u00e9gime de retraite baptiste canadien&nbsp;ainsi que certains r\u00e9gimes d\u2019avantages sociaux des employ\u00e9s en partenariat avec les partenaires des d\u00e9nominations baptistes&nbsp;canadiennes.<\/p>\n\n\n\n<p>Le conseil a cr\u00e9\u00e9 le Comit\u00e9 sur la retraite et les avantages sociaux pour assurer la gouvernance et la supervision des programmes de BC Avantages. Ce comit\u00e9 est form\u00e9 d\u2019environ 15 membres provenant de la haute direction de chacune des r\u00e9gions, de professionnels qui poss\u00e8dent de l\u2019exp\u00e9rience et des connaissances sur la retraite et les avantages sociaux et des repr\u00e9sentants des membres du clerg\u00e9 participant aux r\u00e9gimes.<\/p>\n<\/div><\/div>\n\n\n   <div id=\"spacer-block_4ee09e711cb1016113c927fee31010a5\" class=\"spacer spacer--regular\">\r\n\r\n   <\/div>\r\n\n\n   <div id=\"anchor-link-block_da9457c6005c746b20e18955698dedc4\" class=\"anchor-link\">\r\n      <a name=\"renseignements-generaux\" class=\"anchor\"><\/a>\r\n   <\/div>\r\n\n\n   <div id=\"contact-list-block_575d5578fad3d09d0736a2587c3fd390\" class=\"contact-list\">\r\n     <div class=\"contact-list__container brown\">\r\n       <div class=\"contact-list__wrapper\">\r\n         <div class=\"contact-list__heading\">\r\n           <h2>Renseignements g\u00e9n\u00e9raux <\/h2>\r\n         <\/div>\r\n         <div class=\"contact-list__entries\">\r\n                         <div class=\"contact-list__entry\">\r\n                <div class=\"contact-list__entry__heading\">\r\n                  BC Avantages                <\/div>\r\n                <div class=\"contact-list__entry__intro\">\r\n                  <p><em>Renseignements g\u00e9n\u00e9raux sur les r\u00e9gimes d\u2019avantages sociaux et de retraite <\/em><\/p>\n                <\/div>\r\n                                <div class=\"contact-list__entry__body\">\r\n                  <p><a href=\"mailto:info@cbbenefits.ca\">info@cbbenefits.ca<\/a><\/p>\n                <\/div>\r\n                            <\/div>\r\n                         <div class=\"contact-list__entry\">\r\n                <div class=\"contact-list__entry__heading\">\r\n                  Bureaux locaux                <\/div>\r\n                <div class=\"contact-list__entry__intro\">\r\n                  <p>Renseignements sur les r\u00e9gimes\/demandes d\u2019information des participants<\/p>\n                <\/div>\r\n                                <div class=\"contact-list__entry__columns\">\r\n                                      <div class=\"contact-list__entry__body\">\r\n                      <p><strong>BCOQ<\/strong><br \/>\nYvette Kayode<\/p>\n<p><a href=\"mailto:ykayode@baptist.ca\">ykayode@baptist.ca<\/a><br \/>\n416-620-2955<\/p>\n<p>&nbsp;<\/p>\n<p><strong>CBAC<\/strong><br \/>\nKaren Gunn<\/p>\n<p><a href=\"mailto:karen.gunn@atlanticbaptist.ca\">karen.gunn@atlanticbaptist.ca<\/a><br \/>\n506-635-1922 (poste 1013)<\/p>\n                    <\/div>\r\n                                      <div class=\"contact-list__entry__body\">\r\n                      <p><strong>BCOC<\/strong><br \/>\nLouanne Haugan<\/p>\n<p><a href=\"mailto:lhaugan@cbwc.ca\">lhaugan@cbwc.ca<\/a><br \/>\n403-930-7006<\/p>\n<p>&nbsp;<\/p>\n<p><strong>MBC<\/strong><\/p>\n<p>7185 Millcreek Drive<br \/>\nMississauga ON L5N 5R4<\/p>\n<p><a href=\"mailto:membercare@cbmin.org\">membercare@cbmin.org<\/a><br \/>\n905-821-3533<\/p>\n                    <\/div>\r\n                                      <div class=\"contact-list__entry__body\">\r\n                      <p><strong>U\u00c9BFC<\/strong><br \/>\nUnion d\u2019\u00e9glises baptistes francophones du Canada<\/p>\n<p>4824, chemin de la<br \/>\nC\u00f4te-des-neiges, Local 206<br \/>\nMontr\u00e9al QC H3V 1G4<\/p>\n<p><a href=\"mailto:finances@unionbaptiste.com\">finances@unionbaptiste.com<\/a><br \/>\n514-526-6643<\/p>\n                    <\/div>\r\n                                  <\/div>\r\n\r\n                            <\/div>\r\n                    <\/div>\r\n       <\/div>\r\n     <\/div>\r\n\r\n   <\/div>\r\n\n\n   <div id=\"spacer-block_4ee09e711cb1016113c927fee31010a5\" class=\"spacer spacer--regular\">\r\n\r\n   <\/div>\r\n\n\n   <div id=\"anchor-link-block_3a9311f9a31c2a3c0033d3530cc013e4\" class=\"anchor-link\">\r\n      <a name=\"others\" class=\"anchor\"><\/a>\r\n   <\/div>\r\n\n\n\n<div class=\"wp-block-group is-style-equal-margin\"><div class=\"wp-block-group__inner-container is-layout-flow wp-block-group-is-layout-flow\">\n<div class=\"wp-block-columns is-layout-flex wp-container-core-columns-is-layout-9d6595d7 wp-block-columns-is-layout-flex\">\n<div class=\"wp-block-column is-layout-flow wp-block-column-is-layout-flow\">   <div id=\"contact-list-block_3b832cdcd0043aadb16dc59122a047ae\" class=\"contact-list\">\r\n     <div class=\"contact-list__container green\">\r\n       <div class=\"contact-list__wrapper\">\r\n         <div class=\"contact-list__heading\">\r\n           <h2>Sant\u00e9 et bien-\u00eatre<\/h2>\r\n         <\/div>\r\n         <div class=\"contact-list__entries\">\r\n                         <div class=\"contact-list__entry\">\r\n                <div class=\"contact-list__entry__heading\">\r\n                  Canada Vie                <\/div>\r\n                <div class=\"contact-list__entry__intro\">\r\n                  <p>Protections de soins m\u00e9dicaux et dentaires et demandes de r\u00e8glement<\/p>\n                <\/div>\r\n                                <div class=\"contact-list__entry__body\">\r\n                  <p><span><a href=\"https:\/\/my.canadalife.com\/acceder\" target=\"_blank\" rel=\"noopener\">Ma Canada Vie au travail<\/a><br \/>\n<\/span><span>Ou<\/span> sans frais 1-833-900-3853<\/p>\n                <\/div>\r\n                            <\/div>\r\n                         <div class=\"contact-list__entry\">\r\n                <div class=\"contact-list__entry__heading\">\r\n                  Chubb                <\/div>\r\n                <div class=\"contact-list__entry__intro\">\r\n                  <p>Assurance d\u00e9c\u00e8s et mutilation accidentels et demandes de r\u00e8glement<\/p>\n                <\/div>\r\n                                <div class=\"contact-list__entry__body\">\r\n                  <p><a href=\"mailto:canada.chubblife@chubb.com\">canada.chubblife@chubb.com<\/a><br \/>\n1-800-387-7199<\/p>\n                <\/div>\r\n                            <\/div>\r\n                         <div class=\"contact-list__entry\">\r\n                <div class=\"contact-list__entry__heading\">\r\n                  AGA Assurances Collectives                <\/div>\r\n                <div class=\"contact-list__entry__intro\">\r\n                  <p>Adh\u00e9sions aux avantages sociaux, cessations et modifications (BCOQ et BCOC seulement)<\/p>\n                <\/div>\r\n                                <div class=\"contact-list__entry__body\">\r\n                  <p>Linda Bissonnette<br \/>\n<a href=\"mailto:linda.bissonnette@aga.ca\">linda.bissonnette@aga.ca<\/a><a href=\"mailto:lbissonnette@jdbenefits.com\"><\/a><br \/>\n1-800-218-7018 ou 905-477-7088 (poste 2222)<\/p>\n                <\/div>\r\n                            <\/div>\r\n                         <div class=\"contact-list__entry\">\r\n                <div class=\"contact-list__entry__heading\">\r\n                  Bureau de la CBAC                <\/div>\r\n                <div class=\"contact-list__entry__intro\">\r\n                  <p>Adh\u00e9sion au r\u00e9gime, admissibilit\u00e9 et demandes g\u00e9n\u00e9rales sur les soins de sant\u00e9, les soins dentaires et les soins de la vue (CBAC seulement)<\/p>\n                <\/div>\r\n                                <div class=\"contact-list__entry__body\">\r\n                  <p>Karen Gunn<br \/>\n<a href=\"mailto:karen.gunn@atlanticbaptist.ca\">karen.gunn@atlanticbaptist.ca<\/a><br \/>\n506-635-1922 (poste 1013)<\/p>\n                <\/div>\r\n                            <\/div>\r\n                    <\/div>\r\n       <\/div>\r\n     <\/div>\r\n\r\n   <\/div>\r\n<\/div>\n\n\n\n<div class=\"wp-block-column is-layout-flow wp-block-column-is-layout-flow\">   <div id=\"contact-list-block_646ba1aaa1535fa1881126fc743d060d\" class=\"contact-list\">\r\n     <div class=\"contact-list__container blue\">\r\n       <div class=\"contact-list__wrapper\">\r\n         <div class=\"contact-list__heading\">\r\n           <h2>Retraite et \u00e9pargne<\/h2>\r\n         <\/div>\r\n         <div class=\"contact-list__entries\">\r\n                         <div class=\"contact-list__entry\">\r\n                <div class=\"contact-list__entry__heading\">\r\n                  Canada Vie                <\/div>\r\n                <div class=\"contact-list__entry__intro\">\r\n                  <p>Examen des placements ou du solde du compte du RRBC, du CELI et du REER<\/p>\n<p>Acc\u00e8s aux outils et aux ressources de planification de la retraite<\/p>\n                <\/div>\r\n                                <div class=\"contact-list__entry__body\">\r\n                  <p><a href=\"https:\/\/my.canadalife.com\/acceder\" target=\"_blank\" rel=\"noopener\">Ma Canada Vie au travail<\/a><\/p>\n<p>Pour joindre des pr\u00e9pos\u00e9s attitr\u00e9s au r\u00e9gime BC Avantages, composez le 1-833-900-3853<\/p>\n<p>Pour parler \u00e0 un conseiller en sant\u00e9 et en bien-\u00eatre, composez le 1-844-545-0085<\/p>\n                <\/div>\r\n                            <\/div>\r\n                         <div class=\"contact-list__entry\">\r\n                <div class=\"contact-list__entry__heading\">\r\n                  Pr\u00eat pour la retraite                <\/div>\r\n                <div class=\"contact-list__entry__intro\">\r\n                  <p>Soutien \u00e0 la transition vers la retraite<\/p>\n                <\/div>\r\n                                <div class=\"contact-list__entry__body\">\r\n                  <p>Pour entamer votre parcours vers la retraite, envoyez un courriel \u00e0&nbsp;<a href=\"mailto:retire@cbbenefits.ca\">retire@cbbenefits.ca<\/a><\/p>\n<p>Lors de votre d\u00e9part \u00e0 la retraite, appelez un sp\u00e9cialiste en placements et en retraite de la Canada Vie ou envoyez-lui un courriel<\/p>\n<p>1-844-545-0085<br \/>\n<a href=\"mailto:retirementready@canadalife.com\">retirementready@canadalife.com<\/a><\/p>\n                <\/div>\r\n                            <\/div>\r\n                         <div class=\"contact-list__entry\">\r\n                <div class=\"contact-list__entry__heading\">\r\n                  D\u00e9j\u00e0 \u00e0 la retraite                <\/div>\r\n                <div class=\"contact-list__entry__intro\">\r\n                                  <\/div>\r\n                                <div class=\"contact-list__entry__body\">\r\n                  <p>Vous pouvez joindre les pr\u00e9pos\u00e9s attitr\u00e9s au r\u00e9gime BC Avantages en composant le <strong>1-833-900-3853<\/strong> et en suivant ces directives :<\/p>\n<ul>\n<li>Pour les questions relatives au revenu de<br \/>\nretraite : <strong>Choisissez l&rsquo;option 2<\/strong> (questions sur les r\u00e9gimes de retraite et d&rsquo;\u00e9pargne collectifs), <strong>puis de nouveau l&rsquo;option 2<\/strong> (questions sur le revenu de retraite).<\/li>\n<li>Pour obtenir de l&rsquo;aide pour ouvrir une session dans votre compte : <strong>S\u00e9lectionnez l&rsquo;option 3<\/strong> (soutien technique)<\/li>\n<\/ul>\n<p>Vous pouvez \u00e9galement consulter votre compte en ligne en visitant Ma Canada Vie au Travail pour vous assurer que les renseignements sur vos b\u00e9n\u00e9ficiaires et le calendrier des paiements sont \u00e0 jour.<\/p>\n<p>Si vous n&rsquo;\u00eates pas encore inscrit, veuillez utiliser le lien suivant pour acc\u00e9der \u00e0 votre compte de pension avec la Canada-Vie.<\/p>\n<p><a href=\"https:\/\/my.canadalife.com\/inscription\">https:\/\/my.canadalife.com\/inscription&nbsp;<\/a><\/p>\n<p>Veuillez ensuite s\u00e9lectionner \u00ab\u00a0\u00c9pargne\u00a0\u00bb et entrer le num\u00e9ro de police <strong>74856<\/strong> et votre num\u00e9ro de certificat.<\/p>\n                <\/div>\r\n                            <\/div>\r\n                    <\/div>\r\n       <\/div>\r\n     <\/div>\r\n\r\n   <\/div>\r\n<\/div>\n<\/div>\n<\/div><\/div>\n\n\n   <div id=\"spacer-block_4ee09e711cb1016113c927fee31010a5\" class=\"spacer spacer--regular\">\r\n\r\n   <\/div>\r\n","protected":false},"excerpt":{"rendered":"<p>\u00c0 propos de BC Avantages Le Conseil d\u2019administration des Minist\u00e8res Baptistes Canadiens a \u00e9tabli et maintient le&nbsp;R\u00e9gime de retraite baptiste canadien&nbsp;ainsi que certains r\u00e9gimes d\u2019avantages sociaux des employ\u00e9s en partenariat avec les partenaires des d\u00e9nominations baptistes&nbsp;canadiennes. Le conseil a cr\u00e9\u00e9 le Comit\u00e9 sur la retraite et les avantages sociaux pour assurer la gouvernance et la [&hellip;]<\/p>\n","protected":false},"author":1,"featured_media":0,"parent":0,"menu_order":0,"comment_status":"closed","ping_status":"closed","template":"","meta":{"_acf_changed":false,"footnotes":""},"class_list":["post-1600","page","type-page","status-publish","hentry"],"acf":[],"_links":{"self":[{"href":"https:\/\/www.bcavantages.ca\/fr\/wp-json\/wp\/v2\/pages\/1600","targetHints":{"allow":["GET"]}}],"collection":[{"href":"https:\/\/www.bcavantages.ca\/fr\/wp-json\/wp\/v2\/pages"}],"about":[{"href":"https:\/\/www.bcavantages.ca\/fr\/wp-json\/wp\/v2\/types\/page"}],"author":[{"embeddable":true,"href":"https:\/\/www.bcavantages.ca\/fr\/wp-json\/wp\/v2\/users\/1"}],"replies":[{"embeddable":true,"href":"https:\/\/www.bcavantages.ca\/fr\/wp-json\/wp\/v2\/comments?post=1600"}],"version-history":[{"count":23,"href":"https:\/\/www.bcavantages.ca\/fr\/wp-json\/wp\/v2\/pages\/1600\/revisions"}],"predecessor-version":[{"id":5433,"href":"https:\/\/www.bcavantages.ca\/fr\/wp-json\/wp\/v2\/pages\/1600\/revisions\/5433"}],"wp:attachment":[{"href":"https:\/\/www.bcavantages.ca\/fr\/wp-json\/wp\/v2\/media?parent=1600"}],"curies":[{"name":"wp","href":"https:\/\/api.w.org\/{rel}","templated":true}]}}