{"id":1611,"date":"2022-07-27T09:00:35","date_gmt":"2022-07-27T13:00:35","guid":{"rendered":"https:\/\/www.cbbenefits.ca\/\/?page_id=1611"},"modified":"2022-09-07T11:12:55","modified_gmt":"2022-09-07T15:12:55","slug":"nouvelles","status":"publish","type":"page","link":"https:\/\/www.bcavantages.ca\/fr\/nouvelles\/","title":{"rendered":"Nouvelles"},"content":{"rendered":"  <div id=\"text-hero-block_62e136e52d10e\" class=\"text-hero\">\r\n    <div class=\"text-hero__container\">\r\n      <div class=\"text-hero__wrapper\">\r\n        <div class=\"text-hero__heading\">\r\n          <h1>Nouvelles<\/h1>\r\n        <\/div>\r\n              <\/div>\r\n    <\/div>\r\n  <\/div>\r\n\n\n  <div id=\"post-archive-block_62e141c63f7fa\" class=\"post-archive\">\n    <div class=\"post-archive__wrapper\">\n      <form class=\"form post-archive__form js-postfilters-submit\" action=\"\" method=\"GET\" autocomplete=\"off\">\n\n        <div class=\"lds-spinner\">\n          <div><\/div>\n          <div><\/div>\n          <div><\/div>\n          <div><\/div>\n          <div><\/div>\n          <div><\/div>\n          <div><\/div>\n          <div><\/div>\n          <div><\/div>\n          <div><\/div>\n          <div><\/div>\n          <div><\/div>\n        <\/div>\n\n        <input type=\"hidden\" name=\"totalfeatured\" value=\"1\">\n        <input type=\"hidden\" name=\"page\" value=\"1\">\n        <input type=\"hidden\" name=\"perpage\" value=\"3\">\n        <input type=\"hidden\" name=\"perpageFirstPage\" value=\"4\">\n        <input type=\"hidden\" name=\"render\" value=\"featureArchive\">\n        <div class=\"post-archive__searchmobile\" id=\"post-archive-block_62e141c63f7fa_mobile-move-search\">\n\n        <\/div>\n        <div class=\"post-archive__filters\">\n          <div class=\"post-archive__filters__categories\">\n            <span class=\"post-archive__label\">Cat\u00e9gories:<\/span>\n                          <span class=\"ui__checkbox\">\n                <input class=\"js-postfilters-change\" type=\"checkbox\" name=\"categories[]\" value=\"13\"  id=\"post-archive-block_62e141c63f7fa_health_wellbeing\" data-label=\"Health &amp; Wellbeing\">\n                <label for=\"post-archive-block_62e141c63f7fa_health_wellbeing\"><span class=\"post-render-list__item__category\" data-category=\"health-wellbeing\"><\/span>Health &amp; Wellbeing<\/label>\n              <\/span>\n            \n                          <span class=\"ui__checkbox\">\n                <input class=\"js-postfilters-change\" type=\"checkbox\" name=\"categories[]\" value=\"14\"  id=\"post-archive-block_62e141c63f7fa_retirement_savings\" data-label=\"Retirement &amp; Savings\">\n                <label for=\"post-archive-block_62e141c63f7fa_retirement_savings\"><span class=\"post-render-list__item__category\" data-category=\"retirement-savings\"><\/span>Retirement &amp; Savings<\/label>\n              <\/span>\n                                  <\/div>\n\n          <div class=\"post-archive__filters__others\">\n            <span class=\"post-archive__label\">Filtrer par:<\/span>\n            <span class=\"ui\">\n              <select class=\"post-archive__select js-postfilters-change\" name=\"years[]\">\n                <option value=\"\">An<\/option>\n                                  <option value=\"2025\">2025<\/option>\n                                  <option value=\"2024\">2024<\/option>\n                                  <option value=\"2023\">2023<\/option>\n                                  <option value=\"2022\">2022<\/option>\n                                  <option value=\"2021\">2021<\/option>\n                              <\/select>\n            <\/span>\n\n            <span class=\"ui\">\n              <select class=\"post-archive__select js-postfilters-change\" name=\"months[]\">\n                <option value=\"\">Mois<\/option>\n                                  <option value=\"1\">Janvier<\/option>\n                                  <option value=\"2\">F\u00e9vrier<\/option>\n                                  <option value=\"3\">Mars<\/option>\n                                  <option value=\"4\">Avril<\/option>\n                                  <option value=\"5\">Mai<\/option>\n                                  <option value=\"6\">Juin<\/option>\n                                  <option value=\"7\">Julliet<\/option>\n                                  <option value=\"8\">Ao\u00fbt<\/option>\n                                  <option value=\"9\">Septembre<\/option>\n                                  <option value=\"10\">Octobre<\/option>\n                                  <option value=\"11\">Novembre<\/option>\n                                  <option value=\"12\">D\u00e9cembre<\/option>\n                              <\/select>\n            <\/span>\n\n            <span class=\"ui\">\n              <select class=\"post-archive__select js-postfilters-change\" name=\"tags\">\n                <option value=\"\">Tag<\/option>\n                                  <option value=\"39\" >Bulletin<\/option>\n                              <\/select>\n            <\/span>\n\n\n            <span class=\"post-archive__search js-tablet-move js-mobile-move\" data-tablet-move=\"moveToId:#post-archive-block_62e141c63f7fa_mobile-move-search\" data-mobile-move=\"moveToId:#post-archive-block_62e141c63f7fa_mobile-move-search\">\n              <span class=\"post-archive__search__bar\">\n                <input type=\"text\" name=\"s\" value=\"\" placeholder=\"Chercher\" class=\"post-archive__search__input\">\n                <button type=\"submit\" name=\"button\" class=\"post-archive__search__submit\" role=\"button\"><span class=\"fa fa-search\" aria-hidden=\"true\"><\/span><\/button>\n              <\/span>\n\n            <\/span>\n          <\/div>\n        <\/div>\n\n\n\n        <div class=\"post-archive__recent\">\n          <div class=\"post-archive__recent__heading\">\n            <h2>Le plus r\u00e9cent<\/h2>\n          <\/div>\n\n          <div class=\"post-archive__recent__posts\">\n                <div class=\"post-render-list\">\r\n                    <div class=\"post-render-list__item green\">\r\n                      <div class=\"post-render-list__item__image noimage\">\r\n              \r\n            <\/div>\r\n                    <div class=\"post-render-list__item__date\">\r\n            20 oct 2025          <\/div>\r\n          <div class=\"post-render-list__item__title\">\r\n            <a href=\"\/fr\/news\/preparatifs-en-vue-de-la-saison-a-venir\/\">Pr\u00e9paratifs en vue de la saison \u00e0 venir<\/a>\r\n          <\/div>\r\n\r\n          <div class=\"post-render-list__item__excerpt\">\r\n            <a href=\"\/fr\/news\/preparatifs-en-vue-de-la-saison-a-venir\/\">\r\n               \n Pr\u00e9paratifs en vue de la saison \u00e0 venir \n \n\n \n La p\u00e9riode d\u2019adh\u00e9sion bisannuelle du r\u00e9gime BC Avantages d\u00e9but&#8230;<span class=\"post-render-list__item__readmore\">Plus d\u2019information<\/span>\r\n            <\/a>\r\n          <\/div>\r\n\r\n\r\n          \r\n\r\n          <div class=\"post-render-list__item__categories\">\r\n                          <span class=\"post-render-list__item__category\" data-category=\"health-wellbeing\"><\/span>\r\n                      <\/div>\r\n        <\/div>\r\n          <\/div>\r\n              <\/div>\n\n        <\/div>\n\n        <div class=\"post-archive__all\">\n          <div class=\"post-archive__all__heading\">\n            <h2>Plus \u00e2g\u00e9e<\/h2>\n          <\/div>\n          <div class=\"post-archive__all__posts\">\n                <div class=\"post-render-list\">\r\n                    <div class=\"post-render-list__item blue\">\r\n                    <div class=\"post-render-list__item__date\">\r\n            22 sep 2025          <\/div>\r\n          <div class=\"post-render-list__item__title\">\r\n            <a href=\"\/fr\/news\/gardez-le-cap-sur-vos-objectifs-depargne-avec-go\/\">Gardez le cap sur vos objectifs d\u2019\u00e9pargne avec GO!<\/a>\r\n          <\/div>\r\n\r\n          <div class=\"post-render-list__item__excerpt\">\r\n            <a href=\"\/fr\/news\/gardez-le-cap-sur-vos-objectifs-depargne-avec-go\/\">\r\n               \n Proverbes 15:22 \u00ab Les projets \u00e9chouent dans l\u2019absence de conseils, mais ils r\u00e9ussissent quand il y a de nombreux&#8230;<span class=\"post-render-list__item__readmore\">Plus d\u2019information<\/span>\r\n            <\/a>\r\n          <\/div>\r\n\r\n\r\n          \r\n\r\n          <div class=\"post-render-list__item__categories\">\r\n                          <span class=\"post-render-list__item__category\" data-category=\"retirement-savings\"><\/span>\r\n                          <span class=\"post-render-list__item__category\" data-category=\"retirement-savings\"><\/span>\r\n                      <\/div>\r\n        <\/div>\r\n              <div class=\"post-render-list__item blue\">\r\n                    <div class=\"post-render-list__item__date\">\r\n            6 jun 2025          <\/div>\r\n          <div class=\"post-render-list__item__title\">\r\n            <a href=\"\/fr\/news\/gardez-le-cap-sur-vos-objectifs-depargne-grace-a-nos-conseils-et-a-un-nouvel-outil-offert-des-le-18-juin\/\">Gardez le cap sur vos objectifs d\u2019\u00e9pargne gr\u00e2ce \u00e0 nos conseils, et \u00e0 un nouvel outil offert d\u00e8s le 18 juin!<\/a>\r\n          <\/div>\r\n\r\n          <div class=\"post-render-list__item__excerpt\">\r\n            <a href=\"\/fr\/news\/gardez-le-cap-sur-vos-objectifs-depargne-grace-a-nos-conseils-et-a-un-nouvel-outil-offert-des-le-18-juin\/\">\r\n               \n Gardez le cap sur vos objectifs d\u2019\u00e9pargne gr\u00e2ce \u00e0 nos conseils, et \u00e0 un nouvel outil offert d\u00e8s le 18 juin! \n &#8230;<span class=\"post-render-list__item__readmore\">Plus d\u2019information<\/span>\r\n            <\/a>\r\n          <\/div>\r\n\r\n\r\n          \r\n\r\n          <div class=\"post-render-list__item__categories\">\r\n                          <span class=\"post-render-list__item__category\" data-category=\"retirement-savings\"><\/span>\r\n                          <span class=\"post-render-list__item__category\" data-category=\"retirement-savings\"><\/span>\r\n                      <\/div>\r\n        <\/div>\r\n              <div class=\"post-render-list__item green\">\r\n                    <div class=\"post-render-list__item__date\">\r\n            10 sep 2024          <\/div>\r\n          <div class=\"post-render-list__item__title\">\r\n            <a href=\"\/fr\/news\/votre-bulletin-de-nouvelles-pour-les-participants-2024-est-arrive\/\">Votre bulletin de nouvelles pour les participants 2024 est arriv\u00e9 !<\/a>\r\n          <\/div>\r\n\r\n          <div class=\"post-render-list__item__excerpt\">\r\n            <a href=\"\/fr\/news\/votre-bulletin-de-nouvelles-pour-les-participants-2024-est-arrive\/\">\r\n               \n Votre bulletin de nouvelles pour les participants 2024 est arriv\u00e9 ! \n \n\n \n Que vous soyez \u00e0 plusieurs d\u00e9cennies de&#8230;<span class=\"post-render-list__item__readmore\">Plus d\u2019information<\/span>\r\n            <\/a>\r\n          <\/div>\r\n\r\n\r\n          \r\n\r\n          <div class=\"post-render-list__item__categories\">\r\n                          <span class=\"post-render-list__item__category\" data-category=\"health-wellbeing\"><\/span>\r\n                          <span class=\"post-render-list__item__category\" data-category=\"retirement-savings\"><\/span>\r\n                      <\/div>\r\n        <\/div>\r\n          <\/div>\r\n              <\/div>\n\n        <\/div>\n\n        <div class=\"post-archive__loadmore\">\n          <span class=\"post-archive__loadmore__btn js-postfilters-nextpage\" role=\"button\" aria-hidden=\"false\">\n            <span class=\"btn btn--brown\">\n              + Plus d&rsquo;articles            <\/span>\n          <\/span>\n        <\/div>\n\n      <\/form>\n    <\/div>\n  <\/div>\n","protected":false},"excerpt":{"rendered":"","protected":false},"author":1,"featured_media":0,"parent":0,"menu_order":0,"comment_status":"closed","ping_status":"closed","template":"","meta":{"_acf_changed":false,"footnotes":""},"class_list":["post-1611","page","type-page","status-publish","hentry"],"acf":[],"_links":{"self":[{"href":"https:\/\/www.bcavantages.ca\/fr\/wp-json\/wp\/v2\/pages\/1611","targetHints":{"allow":["GET"]}}],"collection":[{"href":"https:\/\/www.bcavantages.ca\/fr\/wp-json\/wp\/v2\/pages"}],"about":[{"href":"https:\/\/www.bcavantages.ca\/fr\/wp-json\/wp\/v2\/types\/page"}],"author":[{"embeddable":true,"href":"https:\/\/www.bcavantages.ca\/fr\/wp-json\/wp\/v2\/users\/1"}],"replies":[{"embeddable":true,"href":"https:\/\/www.bcavantages.ca\/fr\/wp-json\/wp\/v2\/comments?post=1611"}],"version-history":[{"count":12,"href":"https:\/\/www.bcavantages.ca\/fr\/wp-json\/wp\/v2\/pages\/1611\/revisions"}],"predecessor-version":[{"id":2815,"href":"https:\/\/www.bcavantages.ca\/fr\/wp-json\/wp\/v2\/pages\/1611\/revisions\/2815"}],"wp:attachment":[{"href":"https:\/\/www.bcavantages.ca\/fr\/wp-json\/wp\/v2\/media?parent=1611"}],"curies":[{"name":"wp","href":"https:\/\/api.w.org\/{rel}","templated":true}]}}