{"id":1621,"date":"2022-07-25T11:06:34","date_gmt":"2022-07-25T15:06:34","guid":{"rendered":"https:\/\/www.cbbenefits.ca\/\/?page_id=1621"},"modified":"2022-12-13T18:31:36","modified_gmt":"2022-12-13T23:31:36","slug":"participant-actuel","status":"publish","type":"page","link":"https:\/\/www.bcavantages.ca\/fr\/retraite-et-epargne\/participant-actuel\/","title":{"rendered":"Participant actuel"},"content":{"rendered":"  <div id=\"page-hero-block_f20b36a080f0139c93311ed95c33e1d8\" class=\"page-hero\">\r\n    <div class=\"page-hero__container blue\" >\r\n      <div class=\"page-hero__image\">\r\n        <div class=\"page-hero__image__circle\">\r\n          <div class=\"page-hero__image__circle__bottom moreleft\" style=\"background-image:url('\/wp-content\/uploads\/2022\/08\/Retirement-Current-member-scaled-2-1920x1012.jpg')\"><\/div>\r\n        <\/div>\r\n      <\/div>\r\n      <div class=\"page-hero__wrapper\">\r\n        <div class=\"page-hero__breadcrumb\">\r\n          <h1>\r\n                          <a href=\"\/fr\/retraite-et-epargne\/\"><span class=\"page-hero__breadcrumb__parent\">Retraite et \u00e9pargne<\/span><\/a> <span class=\"page-hero__breadcrumb__separator\">|<\/span>\r\n                        <span class=\"page-hero__breadcrumb__current\">\r\n                              Participant actuel                          <\/span>\r\n          <\/h1>\r\n        <\/div>\r\n      <\/div>\r\n    <\/div>\r\n  <\/div>\r\n\n\n   <div id=\"anchor-link-block_4151d6db9671d07bc53b5fd6b2b0c026\" class=\"anchor-link\">\r\n      <a name=\"vos-epargnes-sont-elles-sur-la-bonne-voie\" class=\"anchor\"><\/a>\r\n   <\/div>\r\n\n\n\n<h2 class=\"wp-block-heading\">Vos \u00e9pargnes sont-elles sur la bonne voie?<\/h2>\n\n\n\n<p>Le R\u00e9gime de retraite baptiste canadien (RRBC) et le CELI collectif sont non seulement des \u00e9l\u00e9ments importants et avantageux de votre r\u00e9mun\u00e9ration totale, mais \u00e9galement des outils indispensables pour vous aider \u00e0 \u00e9pargner en vue de l\u2019avenir.<\/p>\n\n\n\n<p>Or, ce peut \u00eatre difficile de d\u00e9terminer le montant d\u2019argent dont vous aurez besoin \u00e0 la retraite et de savoir si vous \u00eates en voie de l\u2019atteindre. L\u2019une des mesures les plus importantes \u00e0 prendre, pendant que vous travaillez toujours, est de r\u00e9fl\u00e9chir \u00e0 la fa\u00e7on dont vous aimeriez vivre votre retraite et de planifier en cons\u00e9quence.<\/p>\n\n\n\n<p>Que vous veniez d\u2019entamer votre carri\u00e8re ou soyez sur le point de prendre votre retraite, il n\u2019est jamais trop t\u00f4t \u2013 ni trop tard \u2013 pour faire fructifier vos \u00e9pargnes. Cela dit, le plus t\u00f4t sera le mieux.<\/p>\n\n\n\n<h3 class=\"wp-block-heading\"><strong>Les Conseillers en sant\u00e9 et patrimoine de la Canada Vie peuvent vous aider<\/strong><\/h3>\n\n\n\n<p>Dans le cadre du programme de retraite et d\u2019\u00e9pargne, vous pouvez prendre un rendez-vous avec un Conseiller en sant\u00e9 et patrimoine de la Canada Vie, qui peut vous aider \u00e0 \u00e9laborer un plan pour faire durer vos \u00e9pargnes.<\/p>\n\n\n   <div id=\"spacer-block_62f7c131bc8bb6278455d1dfc5c8f752\" class=\"spacer spacer--regular\">\r\n\r\n   <\/div>\r\n\n\n   <div id=\"anchor-link-block_23f39f016efc367fcac0127fad5b0be6\" class=\"anchor-link\">\r\n      <a name=\"certains-facteurs-a-considerer\" class=\"anchor\"><\/a>\r\n   <\/div>\r\n\n\n\n<h2 class=\"wp-block-heading\">Certains facteurs \u00e0 consid\u00e9r<strong>er<\/strong><\/h2>\n\n\n\n<p>M\u00eame si vous cotisez d\u00e9j\u00e0 au RRBC, il pourrait y avoir d\u2019autres fa\u00e7ons d\u2019en tirer le maximum et de profiter de ses nombreux avantages.<\/p>\n\n\n\n<ul class=\"wp-block-list\">\n<li><strong>Cotisations additionnelles facultatives<\/strong> \u2013 Si vous \u00eates en mesure de cotiser un petit montant additionnel (que ce soit r\u00e9guli\u00e8rement ou sous forme de montant forfaitaire si votre employeur est d\u2019accord), songez \u00e0 le d\u00e9poser dans le RRBC pour qu\u2019il puisse s\u2019accro\u00eetre. Chaque petit montant compte! Vous pouvez commencer \u00e0 verser des cotisations additionnelles, les modifier ou les interrompre en tout temps. &gt;Regardez la vid\u00e9o, puis parlez \u00e0 votre tr\u00e9sorier pour obtenir plus de d\u00e9tails.<\/li>\n\n\n\n<li><strong>\u00c9tablissez un Compte d\u2019\u00e9pargne libre d\u2019imp\u00f4t (CELI)<\/strong> \u2013 Les CELI sont d\u2019excellents v\u00e9hicules pour les \u00e9pargnes \u00e0 court et long terme. Vous pouvez y d\u00e9poser chaque ann\u00e9e jusqu\u2019\u00e0 6 000 $ et b\u00e9n\u00e9ficier de son accumulation en franchise d\u2019imp\u00f4t. Votre conjoint et les membres admissibles de votre famille peuvent aussi \u00e9tablir un CELI, ce qui permet \u00e0 toute la famille de profiter de <strong><em>frais beaucoup plus bas<\/em><\/strong> et d\u2019options de placement choisies avec soin.<br>&gt; Consultez l\u2019aper\u00e7u du CELI<br>&gt; Consultez <em>\u00c9tablir un CELI<\/em><\/li>\n\n\n\n<li><strong>Transfert d\u2019un autre r\u00e9gime<\/strong> \u2013 Vous voudrez peut-\u00eatre transf\u00e9rer au RRBC l\u2019actif d\u00e9tenu dans le r\u00e9gime d\u2019un employeur pr\u00e9c\u00e9dent (comme un autre r\u00e9gime de pension agr\u00e9\u00e9, un REER ou un REER de conjoint) dans le but de tirer parti de ses <strong>options de placement conviviales<\/strong> et de ses <strong>frais tr\u00e8s bas.&nbsp; <\/strong>Pourvu que le r\u00e9gime ant\u00e9rieur permette de tels transferts, il suffit g\u00e9n\u00e9ralement de remplir et signer un formulaire.<\/li>\n\n\n\n<li><strong>\u00c9v\u00e9nements de la vie<\/strong> \u2013 \u00c0 mesure que vous avancez dans votre carri\u00e8re et que votre vie subit des changements, votre situation financi\u00e8re peut aussi changer. Vous voudrez peut-\u00eatre modifier le montant de vos cotisations ou vos options de placement en cons\u00e9quence. Heureusement, le profil de risque des fonds \u00e0 date cible \u00e9volue en fonction de votre \u00e2ge; vous n\u2019avez donc pas \u00e0 vous en soucier. Malgr\u00e9 tout, vous avez int\u00e9r\u00eat \u00e0 passer votre compte en revue r\u00e9guli\u00e8rement.<\/li>\n<\/ul>\n\n\n\n<p>Quelques facteurs \u00e0 consid\u00e9rer :<\/p>\n\n\n\n<ul class=\"wp-block-list\">\n<li>Votre salaire a-t-il augment\u00e9 (ou diminuer)?<\/li>\n\n\n\n<li>Est-ce que vous vous \u00eates mari\u00e9, avez eu des enfants ou subi d\u2019autres changements sur le plan familial?<\/li>\n\n\n\n<li>Si vous prenez un cong\u00e9 autoris\u00e9, saviez-vous que vous pouvez, au choix, continuer de verser des cotisations ou les interrompre?<\/li>\n\n\n\n<li>Devez-vous commencer \u00e0 \u00e9pargner en vue d\u2019\u00e9tudes universitaires?<\/li>\n\n\n\n<li>Avez-vous re\u00e7u un h\u00e9ritage?<\/li>\n<\/ul>\n\n\n\n<p>Songez aussi \u00e0 certains sc\u00e9narios, comme celui-ci :<\/p>\n\n\n\n<ul class=\"wp-block-list\">\n<li>Si vous avez pay\u00e9 pour obtenir la couverture pour soins orthodontiques et que le traitement de votre enfant (ou le v\u00f4tre) a pris fin, vous pourriez songer \u00e0 abaisser votre protection lors de la p\u00e9riode d\u2019adh\u00e9sion suivante et \u00e0 d\u00e9poser les sommes ainsi \u00e9conomis\u00e9es dans votre CELI ou dans le RRBC.<\/li>\n<\/ul>\n\n\n\n<p><strong>Pour obtenir les formulaires de retraite et d\u2019\u00e9pargne :<\/strong><\/p>\n\n\n\n<p>Ouvrez une session dans <a href=\"https:\/\/my.canadalife.com\/acceder\" target=\"_blank\" rel=\"noopener\">Ma Canada Vie au travail<\/a> &gt; Info centre &gt; For Savings&nbsp;&gt; Tools and Resources &gt; Change your portfolio &gt; Printable Forms &gt; (S\u00e9lectionnez la cat\u00e9gorie suivante dans le menu d\u00e9roulant&nbsp;: Request\/change forms)<\/p>\n\n\n\n<p><strong>REMARQUE IMPORTANTE au sujet des plafonds de cotisation&nbsp;: <\/strong><br>Conform\u00e9ment \u00e0 la <em>Loi de l\u2019imp\u00f4t sur le revenu<\/em> du Canada, les cotisations totales (y compris celles de votre employeur) qui sont vers\u00e9es au r\u00e9gime de retraite CD au cours d\u2019une ann\u00e9e donn\u00e9e ne peuvent pas d\u00e9passer 18 % de votre salaire ou le plafond de cotisation applicable \u00e0 ces r\u00e9gimes pour l\u2019ann\u00e9e civile en question, selon le moins \u00e9lev\u00e9 des deux. Vous et votre employeur \u00eates responsables de faire en sorte que vos cotisations facultatives n\u2019exc\u00e8dent pas le plafond de cotisation. Contrairement \u00e0 vos cotisations de base, les cotisations facultatives peuvent \u00eatre retir\u00e9es en tout temps.<\/p>\n\n\n   <div id=\"spacer-block_62f7c131bc8bb6278455d1dfc5c8f752\" class=\"spacer spacer--regular\">\r\n\r\n   <\/div>\r\n\n\n   <div id=\"anchor-link-block_4a18156fa29e491e85d33e0dc736ea24\" class=\"anchor-link\">\r\n      <a name=\"consultez-vos-comptes\" class=\"anchor\"><\/a>\r\n   <\/div>\r\n\n\n\n<h2 class=\"wp-block-heading\">Consultez vos com<strong><strong>ptes<\/strong><\/strong><\/h2>\n\n\n\n<p>Vous pouvez consulter jour et nuit vos comptes du RRBC et du CELI. Il suffit d\u2019ouvrir une session dans <a href=\"https:\/\/my.canadalife.com\/acceder\" target=\"_blank\" rel=\"noreferrer noopener\">Ma Canada Vie au travail<\/a>!<\/p>\n\n\n\n<p>Voil\u00e0 une fa\u00e7on pratique d\u2019obtenir en tout temps les renseignements dont vous avez besoin!<\/p>\n\n\n  <div id=\"related-resources-block_a4c5420b2d990f7acb34f4760380f455\" class=\"related-resources\">\r\n    <div class=\"related-resources__container blue\">\r\n      <div class=\"related-resources__heading nohovertrans\">\r\n        <span class=\"related-resources__heading__icon\">\r\n          <img decoding=\"async\" src=\"\/wp-content\/uploads\/2022\/07\/retirement-white-300x300.png\" alt=\"\">\r\n        <\/span>\r\n        <div class=\"related-resources__heading__text\">\r\n          Ressources connexes\r\n          <span class=\"related-resources__heading__expander\">\r\n            <span class=\"related-resources__heading__expand\" data-expand=\"expand\" aria-hidden=\"true\">+<\/span>\r\n            <span class=\"related-resources__heading__expand\" data-expand=\"collapse\" aria-hidden=\"true\">\u2013<\/span>\r\n          <\/span>\r\n        <\/div>\r\n      <\/div>\r\n      <div class=\"related-resources__groups\">\r\n                  <div class=\"related-resources__group\">\r\n            <div class=\"related-resources__group__heading\">\r\n              Ressources            <\/div>\r\n\r\n            <ul class=\"related-resources__links\">\r\n                              <li class=\"related-resources__link\">\r\n                                      <a class=\"nohovertrans \" href=\"https:\/\/my.canadalife.com\/acceder\"  target=\"_blank\"  >Ma Canada Vie au travail<\/a>\r\n                                  <\/li>\r\n\r\n                              <li class=\"related-resources__link\">\r\n                                      <a class=\"nohovertrans \" href=\"\/wp-content\/uploads\/2022\/07\/CBBenefits_TargetDateFunds_brochure_FR.pdf\"  target=\"_blank\"  >Fonds \u00e0 date cible<\/a>\r\n                                  <\/li>\r\n\r\n                              <li class=\"related-resources__link\">\r\n                                      <a class=\"nohovertrans \" href=\"\/wp-content\/uploads\/2022\/07\/CBBenefits-TFSA-FR.pdf\"  target=\"_blank\"  >Aper\u00e7u du CELI<\/a>\r\n                                  <\/li>\r\n\r\n                              <li class=\"related-resources__link\">\r\n                                      <a class=\"nohovertrans \" href=\"https:\/\/cbbenefits.ca\/fr\/retraite-et-epargne\/demarrer\/#etablir-celi-reer\"  >\u00c9tablir un CELI<\/a>\r\n                                  <\/li>\r\n\r\n                              <li class=\"related-resources__link\">\r\n                                      <a class=\"nohovertrans \" href=\"https:\/\/www.smartpathnow.com\/fr\/outils-et-calculateurs\/calculateur-de-cotisations.html\"  target=\"_blank\"  >Parcours judicieux&nbsp;: Calculateur de cotisations<\/a>\r\n                                  <\/li>\r\n\r\n                              <li class=\"related-resources__link\">\r\n                                      <div class=\"related-resources__link__text\">\r\n                      <p>Ouvrez une session dans <a href=\"https:\/\/my.canadalife.com\/sign-in\" target=\"_blank\" rel=\"noopener\">Ma Canada Vie au travail<\/a>&nbsp;:<br \/>\nInfo centre &gt; For Savings&nbsp;&gt; Tools and Resources &gt; Change your portfolio &gt; Printable Forms &gt; (S\u00e9lectionnez la cat\u00e9gorie suivante dans le menu d\u00e9roulant&nbsp;: Request\/change forms)<\/p>\n                    <\/div>\r\n                                  <\/li>\r\n\r\n                          <\/ul>\r\n          <\/div>\r\n                  <div class=\"related-resources__group\">\r\n            <div class=\"related-resources__group__heading\">\r\n              Regardez les vid\u00e9os            <\/div>\r\n\r\n            <ul class=\"related-resources__links\">\r\n                              <li class=\"related-resources__link\">\r\n                                      <a class=\"nohovertrans \" href=\"https:\/\/go.fidelity.ca\/Target-Date-Strategies-How-they-work---Plan-Member-French.html\"  target=\"_blank\"  >Fonctionnement des fonds \u00e0 date cible (2&nbsp;m&nbsp;20&nbsp;s)<\/a>\r\n                                  <\/li>\r\n\r\n                              <li class=\"related-resources__link\">\r\n                                      <a class=\"nohovertrans \" href=\"\/wp-content\/uploads\/2022\/07\/CBBenefits_CBPP_AdditionalVoluntaryContributions.mp4\"  target=\"_blank\"  >Pourquoi verser des cotisations additionnelles facultatives? (disponible en anglais seulement) (1&nbsp;m)<\/a>\r\n                                  <\/li>\r\n\r\n                          <\/ul>\r\n          <\/div>\r\n                  <div class=\"related-resources__group\">\r\n            <div class=\"related-resources__group__heading\">\r\n              Questions ou aide?            <\/div>\r\n\r\n            <ul class=\"related-resources__links\">\r\n                              <li class=\"related-resources__link\">\r\n                                      <div class=\"related-resources__link__text\">\r\n                      <p><a href=\"http:\/\/canlife.co\/cbbenefits\" target=\"_blank\" rel=\"noopener\">Prenez rendez-vous avec un Conseiller en sant\u00e9 et patrimoine de la Canada Vie <\/a>, ou composez le <a href=\"tel:1-844-545-0085\" target=\"_blank\" rel=\"noopener\">1-844-545-0085<\/a><\/p>\n                    <\/div>\r\n                                  <\/li>\r\n\r\n                              <li class=\"related-resources__link\">\r\n                                      <a class=\"nohovertrans \" href=\"mailto:info@cbbenefits.ca\"  target=\"_blank\"  >info@cbbenefits.ca<\/a>\r\n                                  <\/li>\r\n\r\n                          <\/ul>\r\n          <\/div>\r\n              <\/div>\r\n    <\/div>\r\n  <\/div>\r\n","protected":false},"excerpt":{"rendered":"<p>Vos \u00e9pargnes sont-elles sur la bonne voie? Le R\u00e9gime de retraite baptiste canadien (RRBC) et le CELI collectif sont non seulement des \u00e9l\u00e9ments importants et avantageux de votre r\u00e9mun\u00e9ration totale, mais \u00e9galement des outils indispensables pour vous aider \u00e0 \u00e9pargner en vue de l\u2019avenir. Or, ce peut \u00eatre difficile de d\u00e9terminer le montant d\u2019argent dont [&hellip;]<\/p>\n","protected":false},"author":1,"featured_media":0,"parent":1596,"menu_order":4,"comment_status":"closed","ping_status":"closed","template":"page-template\/page-with-related-resources.php","meta":{"_acf_changed":false,"footnotes":""},"class_list":["post-1621","page","type-page","status-publish","hentry"],"acf":[],"_links":{"self":[{"href":"https:\/\/www.bcavantages.ca\/fr\/wp-json\/wp\/v2\/pages\/1621","targetHints":{"allow":["GET"]}}],"collection":[{"href":"https:\/\/www.bcavantages.ca\/fr\/wp-json\/wp\/v2\/pages"}],"about":[{"href":"https:\/\/www.bcavantages.ca\/fr\/wp-json\/wp\/v2\/types\/page"}],"author":[{"embeddable":true,"href":"https:\/\/www.bcavantages.ca\/fr\/wp-json\/wp\/v2\/users\/1"}],"replies":[{"embeddable":true,"href":"https:\/\/www.bcavantages.ca\/fr\/wp-json\/wp\/v2\/comments?post=1621"}],"version-history":[{"count":19,"href":"https:\/\/www.bcavantages.ca\/fr\/wp-json\/wp\/v2\/pages\/1621\/revisions"}],"predecessor-version":[{"id":2923,"href":"https:\/\/www.bcavantages.ca\/fr\/wp-json\/wp\/v2\/pages\/1621\/revisions\/2923"}],"up":[{"embeddable":true,"href":"https:\/\/www.bcavantages.ca\/fr\/wp-json\/wp\/v2\/pages\/1596"}],"wp:attachment":[{"href":"https:\/\/www.bcavantages.ca\/fr\/wp-json\/wp\/v2\/media?parent=1621"}],"curies":[{"name":"wp","href":"https:\/\/api.w.org\/{rel}","templated":true}]}}