{"id":1665,"date":"2022-07-25T11:04:33","date_gmt":"2022-07-25T15:04:33","guid":{"rendered":"https:\/\/www.cbbenefits.ca\/\/?page_id=1665"},"modified":"2022-08-30T19:09:21","modified_gmt":"2022-08-30T23:09:21","slug":"a-la-retraite-ou-sur-le-point-de-quitter-la-vie-active","status":"publish","type":"page","link":"https:\/\/www.bcavantages.ca\/fr\/sante-et-bien-etre\/a-la-retraite-ou-sur-le-point-de-quitter-la-vie-active\/","title":{"rendered":"\u00c0 la retraite ou sur le point de quitter la vie active?"},"content":{"rendered":"  <div id=\"page-hero-block_62e027e49caa4\" class=\"page-hero\">\r\n    <div class=\"page-hero__container green\" >\r\n      <div class=\"page-hero__image\">\r\n        <div class=\"page-hero__image__circle\">\r\n          <div class=\"page-hero__image__circle__bottom none\" style=\"background-image:url('\/wp-content\/uploads\/2022\/08\/health-Retired-or-soon-scaled-1-1920x1012.jpg')\"><\/div>\r\n        <\/div>\r\n      <\/div>\r\n      <div class=\"page-hero__wrapper\">\r\n        <div class=\"page-hero__breadcrumb\">\r\n          <h1>\r\n                          <a href=\"\/fr\/sante-et-bien-etre\/\"><span class=\"page-hero__breadcrumb__parent\">Sant\u00e9 et bien-\u00eatre<\/span><\/a> <span class=\"page-hero__breadcrumb__separator\">|<\/span>\r\n                        <span class=\"page-hero__breadcrumb__current\">\r\n                              \u00c0 la retraite ou sur le point de quitter la vie active?                          <\/span>\r\n          <\/h1>\r\n        <\/div>\r\n      <\/div>\r\n    <\/div>\r\n  <\/div>\r\n\n\n   <div id=\"anchor-link-block_62e03e8ebbba7\" class=\"anchor-link\">\r\n      <a name=\"apercu-du-regime-davantages-sociaux-des-retraites\" class=\"anchor\"><\/a>\r\n   <\/div>\r\n\n\n\n<h2 class=\"wp-block-heading\"><strong>Aper\u00e7u du r\u00e9gime d\u2019avantages sociaux des retrait\u00e9s<\/strong><\/h2>\n\n\n\n<p>Votre sant\u00e9 est importante, peu importe votre \u00e2ge. L\u2019un des principaux bienfaits de participer \u00e0 BC Avantages, c\u2019est de pouvoir continuer \u00e0 b\u00e9n\u00e9ficier de g\u00e9n\u00e9reuses garanties de sant\u00e9 apr\u00e8s votre d\u00e9part \u00e0 la retraite.<\/p>\n\n\n\n<p>Les options flexibles du r\u00e9gime d\u2019avantages sociaux des retrait\u00e9s vous permettent de choisir une protection personnalis\u00e9e qui r\u00e9pond \u00e0 vos besoins et \u00e0 vos pr\u00e9f\u00e9rences. Bien que vous soyez responsables des primes de ce r\u00e9gime, vous avez acc\u00e8s \u00e0 nos tarifs collectifs inf\u00e9rieurs.<\/p>\n\n\n\n<p>Voici comment le tout fonctionne.<\/p>\n\n\n\n<h3 class=\"wp-block-heading\"><strong>Couverture de base<\/strong><\/h3>\n\n\n\n<p>Tous les participants obtiennent la couverture de base suivante :<\/p>\n\n\n\n<figure class=\"wp-block-table\"><table><tbody><tr><td>Assurance vie de base<\/td><td>5&nbsp;000&nbsp;$<\/td><td>Est r\u00e9duite \u00e0 2&nbsp;500&nbsp;$ quand vous atteignez l\u2019\u00e2ge de 70&nbsp;ans<\/td><\/tr><tr><td>Assurance vie des personnes \u00e0 charge (conjoint)<\/td><td>5&nbsp;000 $<\/td><td>Prend fin quand vous atteignez l\u2019\u00e2ge de 70&nbsp;ans<\/td><\/tr><tr><td>Assurance vie des personnes \u00e0 charge (enfants)<\/td><td>2&nbsp;000 $<\/td><td>Prend fin quand vous atteignez l\u2019\u00e2ge de 70&nbsp;ans<\/td><\/tr><\/tbody><\/table><\/figure>\n\n\n\n<h3 class=\"wp-block-heading\"><strong>Choix d\u2019une option<\/strong><\/h3>\n\n\n\n<p>Vous pouvez ensuite choisir entre deux options \u2013 Feuille de bouleau et Feuille d\u2019\u00e9rable \u2013 pour faire compl\u00e9ment \u00e0 votre couverture de base et obtenir les protections additionnelles suivantes :<\/p>\n\n\n\n<ul class=\"wp-block-list\"><li>Assurance vie additionnelle<\/li><li>M\u00e9dicaments sur ordonnance<\/li><li>Services param\u00e9dicaux<\/li><li>Assurance pour urgence en voyage<\/li><li>Soins de la vue<\/li><li>Services et fournitures m\u00e9dicaux<\/li><li>Soins dentaires<\/li><li>Prestations de survivant<\/li><li>Compte de gestion des d\u00e9penses sant\u00e9 (option Feuille d\u2019\u00e9rable seulement)<\/li><\/ul>\n\n\n\n<p>Consultez le Guide de s\u00e9lection des avantages sociaux des retrait\u00e9s pour conna\u00eetre les d\u00e9tails de la protection et \u00eatre en mesure de choisir l\u2019option la mieux adapt\u00e9e \u00e0 vos besoins et \u00e0 ceux de votre famille.<\/p>\n\n\n\n<h3 class=\"wp-block-heading\"><strong>Qui peut \u00eatre couvert? <\/strong>C\u2019est \u00e0 vous de d\u00e9cider.<\/h3>\n\n\n\n<ol class=\"wp-block-list\" type=\"1\"><li>Participant seulement = Vous<\/li><li>Participant + 1 = Vous + votre conjoint ou un enfant \u00e0 charge<\/li><li>Participant + 2 ou plus = Vous + votre conjoint et\/ou vos enfants \u00e0 charge<\/li><\/ol>\n\n\n\n<p><a id=\"_msocom_1\"><\/a><\/p>\n\n\n   <div id=\"spacer-block_62e040fdbbbac\" class=\"spacer spacer--small\">\r\n\r\n   <\/div>\r\n\n\n   <div id=\"anchor-link-block_62e03eb8bbba8\" class=\"anchor-link\">\r\n      <a name=\"comment-adherer\" class=\"anchor\"><\/a>\r\n   <\/div>\r\n\n\n\n<h2 class=\"wp-block-heading\"><strong>Comment adh\u00e9rer<\/strong><\/h2>\n\n\n\n<p>Veuillez communiquer avec votre <a href=\"\/fr\/contactez-nous\/\">bureau r\u00e9gional <\/a>pour obtenir des renseignements sur la fa\u00e7on d\u2019adh\u00e9rer \u00e0 ce r\u00e9gime.<\/p>\n\n\n  <div id=\"related-resources-block_62e03490bbb9c\" class=\"related-resources\">\r\n    <div class=\"related-resources__container green\">\r\n      <div class=\"related-resources__heading nohovertrans\">\r\n        <span class=\"related-resources__heading__icon\">\r\n          <img decoding=\"async\" src=\"\/wp-content\/uploads\/2022\/07\/health-black.png\" alt=\"\">\r\n        <\/span>\r\n        <div class=\"related-resources__heading__text\">\r\n          Ressources connexes\r\n          <span class=\"related-resources__heading__expander\">\r\n            <span class=\"related-resources__heading__expand\" data-expand=\"expand\" aria-hidden=\"true\">+<\/span>\r\n            <span class=\"related-resources__heading__expand\" data-expand=\"collapse\" aria-hidden=\"true\">\u2013<\/span>\r\n          <\/span>\r\n        <\/div>\r\n      <\/div>\r\n      <div class=\"related-resources__groups\">\r\n                  <div class=\"related-resources__group\">\r\n            <div class=\"related-resources__group__heading\">\r\n              Ressources            <\/div>\r\n\r\n            <ul class=\"related-resources__links\">\r\n                              <li class=\"related-resources__link\">\r\n                                      <a class=\"nohovertrans \" href=\"https:\/\/my.canadalife.com\/acceder\"  target=\"_blank\"  >Ma Canada Vie au travail<\/a>\r\n                                  <\/li>\r\n\r\n                              <li class=\"related-resources__link\">\r\n                                      <a class=\"nohovertrans \" href=\"\/wp-content\/uploads\/2022\/07\/CBM-RETIREE-OPTIONAL-GROUP-BENEFIT-FLEX-PLAN_26Nov2019_Digital.pdf\"  target=\"_blank\"  >Brochure du r\u00e9gime d\u2019avantages sociaux des retrait\u00e9s (disponible en anglais seulement)<\/a>\r\n                                  <\/li>\r\n\r\n                              <li class=\"related-resources__link\">\r\n                                      <a class=\"nohovertrans \" href=\"\/wp-content\/uploads\/2022\/07\/Choices-Retirement-Plan-CBWC-AH_13March2019_km01.pdf\"  target=\"_blank\"  >Guide de s\u00e9lection des avantages sociaux des retrait\u00e9s (disponible en anglais seulement)<\/a>\r\n                                  <\/li>\r\n\r\n                              <li class=\"related-resources__link\">\r\n                                      <a class=\"nohovertrans \" href=\"\/wp-content\/uploads\/2022\/07\/CBM_Election-Form-Post-retirement-Benefits-Jan-2015-AH_13March2019_km01.pdf\"  target=\"_blank\"  >Formulaire de choix du r\u00e9gime de retraite (disponible en anglais seulement)<\/a>\r\n                                  <\/li>\r\n\r\n                              <li class=\"related-resources__link\">\r\n                                      <a class=\"nohovertrans \" href=\"https:\/\/www.canadalife.com\/fr\/soutien\/formulaires\/pour-vous-et-votre-famille.html\"  target=\"_blank\"  >Trouver un formulaire sur les avantages sociaux<\/a>\r\n                                  <\/li>\r\n\r\n                              <li class=\"related-resources__link\">\r\n                                      <a class=\"nohovertrans \" href=\"\/wp-content\/uploads\/2022\/07\/CB-Benefits_BeneficiaryForm_Fillable_FR.pdf\"  target=\"_blank\"  >2025 Formulaire de d\u00e9signation de b\u00e9n\u00e9ficiaire<\/a>\r\n                                  <\/li>\r\n\r\n                          <\/ul>\r\n          <\/div>\r\n                  <div class=\"related-resources__group\">\r\n            <div class=\"related-resources__group__heading\">\r\n              Questions ou aide?            <\/div>\r\n\r\n            <ul class=\"related-resources__links\">\r\n                              <li class=\"related-resources__link\">\r\n                                      <a class=\"nohovertrans \" href=\"tel:1-833-900-3853\"  target=\"_blank\"  >Canada Vie sans frais 1-833-900-3853<\/a>\r\n                                  <\/li>\r\n\r\n                              <li class=\"related-resources__link\">\r\n                                      <a class=\"nohovertrans \" href=\"mailto:info@cbbenefits.ca\"  target=\"_blank\"  >info@cbbenefits.ca<\/a>\r\n                                  <\/li>\r\n\r\n                              <li class=\"related-resources__link\">\r\n                                      <a class=\"nohovertrans \" href=\"mailto:retire@cbbenefits.ca \"  target=\"_blank\"  >retire@cbbenefits.ca <\/a>\r\n                                  <\/li>\r\n\r\n                          <\/ul>\r\n          <\/div>\r\n              <\/div>\r\n    <\/div>\r\n  <\/div>\r\n","protected":false},"excerpt":{"rendered":"<p>Aper\u00e7u du r\u00e9gime d\u2019avantages sociaux des retrait\u00e9s Votre sant\u00e9 est importante, peu importe votre \u00e2ge. L\u2019un des principaux bienfaits de participer \u00e0 BC Avantages, c\u2019est de pouvoir continuer \u00e0 b\u00e9n\u00e9ficier de g\u00e9n\u00e9reuses garanties de sant\u00e9 apr\u00e8s votre d\u00e9part \u00e0 la retraite. Les options flexibles du r\u00e9gime d\u2019avantages sociaux des retrait\u00e9s vous permettent de choisir une [&hellip;]<\/p>\n","protected":false},"author":1,"featured_media":0,"parent":1577,"menu_order":4,"comment_status":"closed","ping_status":"closed","template":"page-template\/page-with-related-resources.php","meta":{"_acf_changed":false,"footnotes":""},"class_list":["post-1665","page","type-page","status-publish","hentry"],"acf":[],"_links":{"self":[{"href":"https:\/\/www.bcavantages.ca\/fr\/wp-json\/wp\/v2\/pages\/1665","targetHints":{"allow":["GET"]}}],"collection":[{"href":"https:\/\/www.bcavantages.ca\/fr\/wp-json\/wp\/v2\/pages"}],"about":[{"href":"https:\/\/www.bcavantages.ca\/fr\/wp-json\/wp\/v2\/types\/page"}],"author":[{"embeddable":true,"href":"https:\/\/www.bcavantages.ca\/fr\/wp-json\/wp\/v2\/users\/1"}],"replies":[{"embeddable":true,"href":"https:\/\/www.bcavantages.ca\/fr\/wp-json\/wp\/v2\/comments?post=1665"}],"version-history":[{"count":20,"href":"https:\/\/www.bcavantages.ca\/fr\/wp-json\/wp\/v2\/pages\/1665\/revisions"}],"predecessor-version":[{"id":2696,"href":"https:\/\/www.bcavantages.ca\/fr\/wp-json\/wp\/v2\/pages\/1665\/revisions\/2696"}],"up":[{"embeddable":true,"href":"https:\/\/www.bcavantages.ca\/fr\/wp-json\/wp\/v2\/pages\/1577"}],"wp:attachment":[{"href":"https:\/\/www.bcavantages.ca\/fr\/wp-json\/wp\/v2\/media?parent=1665"}],"curies":[{"name":"wp","href":"https:\/\/api.w.org\/{rel}","templated":true}]}}