{"id":1673,"date":"2022-07-25T11:05:55","date_gmt":"2022-07-25T15:05:55","guid":{"rendered":"https:\/\/www.cbbenefits.ca\/\/?page_id=1673"},"modified":"2026-03-10T12:29:10","modified_gmt":"2026-03-10T16:29:10","slug":"demarrer","status":"publish","type":"page","link":"https:\/\/www.bcavantages.ca\/fr\/retraite-et-epargne\/demarrer\/","title":{"rendered":"D\u00e9marrer"},"content":{"rendered":"  <div id=\"page-hero-block_53823df83e2618410c8cd8d5dc1af87a\" class=\"page-hero\">\r\n    <div class=\"page-hero__container blue\" >\r\n      <div class=\"page-hero__image\">\r\n        <div class=\"page-hero__image__circle\">\r\n          <div class=\"page-hero__image__circle__bottom left\" style=\"background-image:url('\/wp-content\/uploads\/2022\/08\/Retirement-Getting-Started-scaled-1-1920x1012.jpg')\"><\/div>\r\n        <\/div>\r\n      <\/div>\r\n      <div class=\"page-hero__wrapper\">\r\n        <div class=\"page-hero__breadcrumb\">\r\n          <h1>\r\n                          <a href=\"\/fr\/retraite-et-epargne\/\"><span class=\"page-hero__breadcrumb__parent\">Retraite et \u00e9pargne<\/span><\/a> <span class=\"page-hero__breadcrumb__separator\">|<\/span>\r\n                        <span class=\"page-hero__breadcrumb__current\">\r\n                              D\u00e9marrer                          <\/span>\r\n          <\/h1>\r\n        <\/div>\r\n      <\/div>\r\n    <\/div>\r\n  <\/div>\r\n\n\n\n<p><em><em>REMARQUE :<\/em><\/em> Pour obtenir des renseignements g\u00e9n\u00e9raux sur l\u2019admissibilit\u00e9 au r\u00e9gime de retraite CD et au CELI et sur leur fonctionnement, reportez-vous \u00e0 la section Aper\u00e7u.<\/p>\n\n\n   <div id=\"anchor-link-block_436074fa4b044b724766ccabed3dc4f6\" class=\"anchor-link\">\r\n      <a name=\"comment-adherer-au-regime-de-retraite-cd\" class=\"anchor\"><\/a>\r\n   <\/div>\r\n\n\n\n<h2 class=\"wp-block-heading\"><strong>Comment adh\u00e9rer au r\u00e9gime de retraite CD<\/strong><\/h2>\n\n\n\n<p>Si vous \u00eates pr\u00eat \u00e0 adh\u00e9rer au R\u00e9gime de retraite baptiste canadien (RRBC), voici comment proc\u00e9der :<\/p>\n\n\n\n<ul class=\"wp-block-list\">\n<li>Contactez votre tr\u00e9sorier (ou votre repr\u00e9sentant en RH local) pour entamer le processus.<\/li>\n\n\n\n<li>Cette personne vous remettra un nom d\u2019utilisateur d\u2019invit\u00e9 et un mot de passe pour acc\u00e9der \u00e0 <a href=\"https:\/\/my.canadalife.com\/acceder\" target=\"_blank\" rel=\"noreferrer noopener\">Ma Canada Vie au travail<\/a>. <em>Conseil : <\/em>Vous devez suivre cette \u00e9tape m\u00eame si vous \u00eates d\u00e9j\u00e0 inscrit au r\u00e9gime d\u2019avantages sociaux.<\/li>\n\n\n\n<li>Ouvrez une session dans <a href=\"https:\/\/my.canadalife.com\/acceder\" target=\"_blank\" rel=\"noreferrer noopener\">Ma Canada vie au travail<\/a>.<\/li>\n\n\n\n<li>Cr\u00e9ez vos propres informations de connexion.<\/li>\n\n\n\n<li>Acc\u00e9dez \u00e0 votre nouveau compte.<\/li>\n<\/ul>\n\n\n\n<p>Si vous participez au r\u00e9gime d\u2019avantages sociaux aupr\u00e8s de la Canada Vie, vos comptes seront rattach\u00e9s quand vous ouvrirez une session, ce qui vous permettra de consulter les deux comptes et d\u2019y acc\u00e9der au m\u00eame endroit.<\/p>\n\n\n  <div id=\"cta-video-block_11ad6c94ada0bb755caaf97dee39066f\" class=\"cta-video\">\r\n    <a href=\"https:\/\/www.brainshark.com\/grs\/CBBenefits2022enrolFR\" target=\"_blank\">\r\n      <div class=\"cta-video__container blue\">\r\n        <div class=\"cta-video__icon\"><\/div>\r\n        <div class=\"cta-video__content\">\r\n          <div class=\"cta-video__heading\">\r\n            Regardez la vid\u00e9o          <\/div>\r\n          <div class=\"cta-video__description\">\r\n            Comment s\u2019inscrire (1&nbsp;m)          <\/div>\r\n        <\/div>\r\n      <\/div>\r\n    <\/a>\r\n  <\/div>\r\n\n\n   <div id=\"spacer-block_785760842ac94ab0f993c686b0682082\" class=\"spacer spacer--regular\">\r\n\r\n   <\/div>\r\n\n\n   <div id=\"anchor-link-block_65f97f6605cd95c40eb9c168d51255a0\" class=\"anchor-link\">\r\n      <a name=\"cotisations-additionnelles-facultatives\" class=\"anchor\"><\/a>\r\n   <\/div>\r\n\n\n\n<h2 class=\"wp-block-heading\">Cotisations additionnelles facultatives<\/h2>\n\n\n  <div id=\"cta-video-block_852882be4705e7a45f4efce34592764e\" class=\"cta-video\">\r\n    <a href=\"\/wp-content\/uploads\/2022\/08\/cbm-pension-video.mp4\" target=\"_blank\">\r\n      <div class=\"cta-video__container blue\">\r\n        <div class=\"cta-video__icon\"><\/div>\r\n        <div class=\"cta-video__content\">\r\n          <div class=\"cta-video__heading\">\r\n            Regardez la vid\u00e9o          <\/div>\r\n          <div class=\"cta-video__description\">\r\n            Pourquoi verser des cotisations additionnelles facultatives? (disponible en anglais seulement) (1&nbsp;m)          <\/div>\r\n        <\/div>\r\n      <\/div>\r\n    <\/a>\r\n  <\/div>\r\n\n\n\n<p>Chaque petit montant compte. Vous pouvez verser des cotisations additionnelles facultatives, du montant de votre choix, au moyen de d\u00e9ductions salariales.<\/p>\n\n\n\n<p>De plus, vous pouvez commencer \u00e0 en verser, les modifier ou les interrompre en tout temps. Si votre employeur est d\u2019accord, vous pouvez les verser sous forme de paiement forfaitaire, plut\u00f4t que de d\u00e9ductions salariales mensuelles.<\/p>\n\n\n\n<p>Parlez \u00e0 votre tr\u00e9sorier (ou \u00e0 votre repr\u00e9sentant en RH local) pour savoir comment verser des cotisations additionnelles pour augmenter votre \u00e9pargne \u2013 et accro\u00eetre votre futur revenu de retraite.<\/p>\n\n\n\n<p><strong>REMARQUE IMPORTANTE au sujet des plafonds de cotisation&nbsp;: <\/strong><strong><br><\/strong>Conform\u00e9ment \u00e0 la <em>Loi de l\u2019imp\u00f4t sur le revenu <\/em>du Canada, les cotisations totales (y compris celles de votre employeur) qui sont vers\u00e9es au r\u00e9gime de retraite CD au cours d\u2019une ann\u00e9e donn\u00e9e ne peuvent pas d\u00e9passer 18 % de votre salaire ou le plafond de cotisation applicable \u00e0 ces r\u00e9gimes pour l\u2019ann\u00e9e civile en question, selon le moins \u00e9lev\u00e9 des deux.<\/p>\n\n\n\n<p>Vous et votre employeur \u00eates responsables de faire en sorte que vos cotisations facultatives n\u2019exc\u00e8dent pas le plafond de cotisation. Contrairement \u00e0 vos cotisations de base, les cotisations facultatives peuvent \u00eatre retir\u00e9es en tout temps.<\/p>\n\n\n   <div id=\"spacer-block_785760842ac94ab0f993c686b0682082\" class=\"spacer spacer--regular\">\r\n\r\n   <\/div>\r\n\n\n   <div id=\"anchor-link-block_6582ea742963092dd6225ba2a99ec285\" class=\"anchor-link\">\r\n      <a name=\"transferts-dautres-regim\" class=\"anchor\"><\/a>\r\n   <\/div>\r\n\n\n\n<h2 class=\"wp-block-heading\">Transferts d\u2019autres r\u00e9gimes<\/h2>\n\n\n\n<p>Vous voudrez peut-\u00eatre transf\u00e9rer auRRBC l\u2019actif d\u00e9tenu dans le r\u00e9gime d\u2019un employeur ant\u00e9rieur (comme un autre r\u00e9gime de pension agr\u00e9\u00e9, un REER ou un REER de conjoint) dans le but de tirer parti de ses options de placement conviviales et de ses frais tr\u00e8s bas.<\/p>\n\n\n\n<p>Pourvu que le r\u00e9gime ant\u00e9rieur permette de tels transferts, il suffit g\u00e9n\u00e9ralement de remplir et de signer un formulaire.<\/p>\n\n\n\n<p><strong>Voici o<\/strong><strong>\u00f9<\/strong><strong> trouver ce formulaire :<\/strong><\/p>\n\n\n\n<ul class=\"wp-block-list\">\n<li>Ouvrez une session dans <a href=\"https:\/\/my.canadalife.com\/acceder\" target=\"_blank\" rel=\"noreferrer noopener\">Ma Canada Vie au travail<\/a> &gt; Info centre &gt; For Savings &gt; Tools and Resources &gt; Change your portfolio &gt; Printable Forms &gt; (S\u00e9lectionnez la cat\u00e9gorie suivante dans le menu d\u00e9roulant&nbsp;: Request\/change forms) &gt; <strong>Transfer authorization for registered investments<\/strong><\/li>\n<\/ul>\n\n\n\n<p>Vous pouvez aussi prendre rendez-vous avec un conseiller financier de la Canada Vie, qui pourra vous expliquer le processus si vous avez besoin d\u2019aide.<\/p>\n\n\n   <div id=\"spacer-block_785760842ac94ab0f993c686b0682082\" class=\"spacer spacer--regular\">\r\n\r\n   <\/div>\r\n\n\n   <div id=\"anchor-link-block_d026a24d593ded4465540b5e8086798a\" class=\"anchor-link\">\r\n      <a name=\"options-de-placement\" class=\"anchor\"><\/a>\r\n   <\/div>\r\n\n\n\n<h2 class=\"wp-block-heading\">Options de placement<\/h2>\n\n\n\n<p>Le <strong>RRBC<\/strong> (un r\u00e9gime de retraite \u00e0 cotisations d\u00e9termin\u00e9es) facilite les placements en vous proposant des fonds \u00e0 date cible. Quand vous adh\u00e9rez au r\u00e9gime, vos cotisations sont achemin\u00e9es au fonds \u00e0 date cible qui se rapproche le plus de votre date de retraite (65<sup>e<\/sup> anniversaire de naissance).<br>Pour plus de d\u00e9tails, consultez les ressources relatives aux fonds \u00e0 date cible.<\/p>\n\n\n\n<p><strong>Pour le CELI et le REER<\/strong>, vous pouvez choisir parmi les fonds \u00e0 date cible ou parmi des fonds issus de diverses cat\u00e9gories d\u2019actif. Pour plus de d\u00e9tails :<\/p>\n\n\n\n<ul class=\"wp-block-list\">\n<li>Consultez l\u2019Aper\u00e7u du CELI dans les Ressources connexes<\/li>\n\n\n\n<li>Consultez l\u2019Aper\u00e7u du REER dans les Ressources connexes<\/li>\n\n\n\n<li>Ouvrez une session dans <a href=\"https:\/\/ma.canadavie.com\/acceder\" type=\"link\" id=\"https:\/\/ma.canadavie.com\/acceder\" target=\"_blank\" rel=\"noreferrer noopener\">Ma Canada Vie au travail<\/a> pour conna\u00eetre les options de fonds offertes.<\/li>\n<\/ul>\n\n\n   <div id=\"spacer-block_785760842ac94ab0f993c686b0682082\" class=\"spacer spacer--regular\">\r\n\r\n   <\/div>\r\n\n\n   <div id=\"anchor-link-block_94e6e81a737f8e76740f61d6c66e9477\" class=\"anchor-link\">\r\n      <a name=\"etablir-celi-reer\" class=\"anchor\"><\/a>\r\n   <\/div>\r\n\n\n\n<h2 class=\"wp-block-heading\">\u00c9tablir un compte d\u2019\u00e9pargne libre d\u2019imp\u00f4t (CELI) ou un R\u00e9gime enregistr\u00e9 d\u2019\u00e9pargne-retraite (REER) individuel ou de conjoint<\/h2>\n\n\n\n<p>Pour \u00e9tablir un CELI ou un REER et commencer \u00e0 y cotiser, ouvrez une session dans <a href=\"https:\/\/my.canadalife.com\/acceder\" target=\"_blank\" rel=\"noreferrer noopener\">Ma Canada Vie au travail<\/a> et suivez les \u00e9tapes du processus d\u2019adh\u00e9sion en ligne.<\/p>\n\n\n\n<ul class=\"wp-block-list\">\n<li>Rendez-vous \u00e0 Gestion du portefeuille &gt; Modifier votre portefeuille &gt; Adh\u00e9sion express<\/li>\n\n\n\n<li>Choisissez le compte voulu (CELI ou REER), puis remplissez le formulaire applicable.<\/li>\n<\/ul>\n\n\n\n<p>Votre conjoint et vos personnes \u00e0 charge admissibles peuvent aussi \u00e9tablir un CELI ou un REER en vertu du r\u00e9gime BC Avantages et b\u00e9n\u00e9ficier des frais peu \u00e9lev\u00e9s auxquels vous avez droit \u00e0 titre de participant.<\/p>\n\n\n\n<p>Pour plus de renseignements, consultez les Ressources connexes.<\/p>\n\n\n  <div id=\"related-resources-block_079e83c5531cd920be11fd733671215c\" class=\"related-resources\">\r\n    <div class=\"related-resources__container blue\">\r\n      <div class=\"related-resources__heading nohovertrans\">\r\n        <span class=\"related-resources__heading__icon\">\r\n          <img decoding=\"async\" src=\"\/wp-content\/uploads\/2022\/07\/retirement-white-300x300.png\" alt=\"\">\r\n        <\/span>\r\n        <div class=\"related-resources__heading__text\">\r\n          Ressources connexes\r\n          <span class=\"related-resources__heading__expander\">\r\n            <span class=\"related-resources__heading__expand\" data-expand=\"expand\" aria-hidden=\"true\">+<\/span>\r\n            <span class=\"related-resources__heading__expand\" data-expand=\"collapse\" aria-hidden=\"true\">\u2013<\/span>\r\n          <\/span>\r\n        <\/div>\r\n      <\/div>\r\n      <div class=\"related-resources__groups\">\r\n                  <div class=\"related-resources__group\">\r\n            <div class=\"related-resources__group__heading\">\r\n              Ressources            <\/div>\r\n\r\n            <ul class=\"related-resources__links\">\r\n                              <li class=\"related-resources__link\">\r\n                                      <a class=\"nohovertrans \" href=\"https:\/\/my.canadalife.com\/acceder\"  target=\"_blank\"  >Ma Canada Vie au travail<\/a>\r\n                                  <\/li>\r\n\r\n                              <li class=\"related-resources__link\">\r\n                                      <a class=\"nohovertrans \" href=\"https:\/\/www.adhererauregime.com\/?id=11055&#038;lang=Fre&#038;t=637925329682298912#outside-front-cover\"  target=\"_blank\"  >Guide d\u2019adh\u00e9sion<\/a>\r\n                                  <\/li>\r\n\r\n                              <li class=\"related-resources__link\">\r\n                                      <a class=\"nohovertrans \" href=\"\/wp-content\/uploads\/2022\/07\/CBBenefits_TargetDateFunds_brochure_FR.pdf\"  target=\"_blank\"  >Fonds \u00e0 date cible<\/a>\r\n                                  <\/li>\r\n\r\n                              <li class=\"related-resources__link\">\r\n                                      <a class=\"nohovertrans \" href=\"\/wp-content\/uploads\/2022\/07\/CBBenefits-TFSA-FR.pdf\"  target=\"_blank\"  >Aper\u00e7u du CELI<\/a>\r\n                                  <\/li>\r\n\r\n                              <li class=\"related-resources__link\">\r\n                                      <a class=\"nohovertrans \" href=\"\/wp-content\/uploads\/2026\/03\/group-rrsp-essentials-fr.pdf\"  target=\"_blank\"  >Aper\u00e7u du REER<\/a>\r\n                                  <\/li>\r\n\r\n                              <li class=\"related-resources__link\">\r\n                                      <a class=\"nohovertrans \" href=\"https:\/\/www.smartpathnow.com\/fr\/vous-commencez.html\"  target=\"_blank\"  >Parcours judicieux&nbsp;: Vous commencez<\/a>\r\n                                  <\/li>\r\n\r\n                              <li class=\"related-resources__link\">\r\n                                      <a class=\"nohovertrans \" href=\"https:\/\/www.smartpathnow.com\/fr\/outils-et-calculateurs\/calculateur-de-cotisations.html\"  target=\"_blank\"  >Parcours judicieux&nbsp;: Calculateur de cotisations<\/a>\r\n                                  <\/li>\r\n\r\n                              <li class=\"related-resources__link\">\r\n                                      <a class=\"nohovertrans \" href=\"https:\/\/my.canadalife.com\/acceder\"  target=\"_blank\"  >Trouver un formulaire<\/a>\r\n                                  <\/li>\r\n\r\n                          <\/ul>\r\n          <\/div>\r\n                  <div class=\"related-resources__group\">\r\n            <div class=\"related-resources__group__heading\">\r\n              Regardez les vid\u00e9os            <\/div>\r\n\r\n            <ul class=\"related-resources__links\">\r\n                              <li class=\"related-resources__link\">\r\n                                      <a class=\"nohovertrans \" href=\"https:\/\/go.fidelity.ca\/Target-Date-Strategies-How-they-work---Plan-Member-French.html\"  target=\"_blank\"  >Fonctionnement des fonds \u00e0 date cible (2&nbsp;m&nbsp;20&nbsp;s)<\/a>\r\n                                  <\/li>\r\n\r\n                              <li class=\"related-resources__link\">\r\n                                      <a class=\"nohovertrans \" href=\"\/wp-content\/uploads\/2026\/03\/Des-mises-a-jour-importantes-concernant-votre-regime.pdf\"  target=\"_blank\"  >Pr\u00e9sentation sur le REER du r\u00e9gime BC Avantages<\/a>\r\n                                  <\/li>\r\n\r\n                              <li class=\"related-resources__link\">\r\n                                      <a class=\"nohovertrans \" href=\"\/wp-content\/uploads\/2022\/07\/CBBenefits_CBPP_AdditionalVoluntaryContributions.mp4\"  target=\"_blank\"  >Pourquoi verser des cotisations additionnelles facultatives? (disponible en anglais seulement) (1&nbsp;m)<\/a>\r\n                                  <\/li>\r\n\r\n                          <\/ul>\r\n          <\/div>\r\n                  <div class=\"related-resources__group\">\r\n            <div class=\"related-resources__group__heading\">\r\n              Questions ou aide?            <\/div>\r\n\r\n            <ul class=\"related-resources__links\">\r\n                              <li class=\"related-resources__link\">\r\n                                      <a class=\"nohovertrans \" href=\"tel:1-833-900-3853\"  target=\"_blank\"  >Canada Vie sans frais 1-833-900-3853<\/a>\r\n                                  <\/li>\r\n\r\n                              <li class=\"related-resources__link\">\r\n                                      <div class=\"related-resources__link__text\">\r\n                      <p><a href=\"http:\/\/canlife.co\/cbbenefits\" target=\"_blank\" rel=\"noopener\">Prenez rendez-vous avec un Conseiller en sant\u00e9 et patrimoine de la Canada Vie <\/a>, ou composez le <a href=\"tel:1-844-545-0085\" target=\"_blank\" rel=\"noopener\">1-844-545-0085<\/a><\/p>\n                    <\/div>\r\n                                  <\/li>\r\n\r\n                              <li class=\"related-resources__link\">\r\n                                      <a class=\"nohovertrans \" href=\"mailto:info@cbbenefits.ca\"  target=\"_blank\"  >info@cbbenefits.ca<\/a>\r\n                                  <\/li>\r\n\r\n                          <\/ul>\r\n          <\/div>\r\n              <\/div>\r\n    <\/div>\r\n  <\/div>\r\n","protected":false},"excerpt":{"rendered":"<p>REMARQUE : Pour obtenir des renseignements g\u00e9n\u00e9raux sur l\u2019admissibilit\u00e9 au r\u00e9gime de retraite CD et au CELI et sur leur fonctionnement, reportez-vous \u00e0 la section Aper\u00e7u. Comment adh\u00e9rer au r\u00e9gime de retraite CD Si vous \u00eates pr\u00eat \u00e0 adh\u00e9rer au R\u00e9gime de retraite baptiste canadien (RRBC), voici comment proc\u00e9der : Si vous participez au r\u00e9gime [&hellip;]<\/p>\n","protected":false},"author":1,"featured_media":0,"parent":1596,"menu_order":2,"comment_status":"closed","ping_status":"closed","template":"page-template\/page-with-related-resources.php","meta":{"_acf_changed":false,"footnotes":""},"class_list":["post-1673","page","type-page","status-publish","hentry"],"acf":[],"_links":{"self":[{"href":"https:\/\/www.bcavantages.ca\/fr\/wp-json\/wp\/v2\/pages\/1673","targetHints":{"allow":["GET"]}}],"collection":[{"href":"https:\/\/www.bcavantages.ca\/fr\/wp-json\/wp\/v2\/pages"}],"about":[{"href":"https:\/\/www.bcavantages.ca\/fr\/wp-json\/wp\/v2\/types\/page"}],"author":[{"embeddable":true,"href":"https:\/\/www.bcavantages.ca\/fr\/wp-json\/wp\/v2\/users\/1"}],"replies":[{"embeddable":true,"href":"https:\/\/www.bcavantages.ca\/fr\/wp-json\/wp\/v2\/comments?post=1673"}],"version-history":[{"count":22,"href":"https:\/\/www.bcavantages.ca\/fr\/wp-json\/wp\/v2\/pages\/1673\/revisions"}],"predecessor-version":[{"id":5446,"href":"https:\/\/www.bcavantages.ca\/fr\/wp-json\/wp\/v2\/pages\/1673\/revisions\/5446"}],"up":[{"embeddable":true,"href":"https:\/\/www.bcavantages.ca\/fr\/wp-json\/wp\/v2\/pages\/1596"}],"wp:attachment":[{"href":"https:\/\/www.bcavantages.ca\/fr\/wp-json\/wp\/v2\/media?parent=1673"}],"curies":[{"name":"wp","href":"https:\/\/api.w.org\/{rel}","templated":true}]}}