{"id":1675,"date":"2022-07-25T11:07:00","date_gmt":"2022-07-25T15:07:00","guid":{"rendered":"https:\/\/www.cbbenefits.ca\/\/?page_id=1675"},"modified":"2025-05-30T18:35:39","modified_gmt":"2025-05-30T22:35:39","slug":"a-la-retraite-ou-sur-le-point-de-quitter-la-vie-active","status":"publish","type":"page","link":"https:\/\/www.bcavantages.ca\/fr\/retraite-et-epargne\/a-la-retraite-ou-sur-le-point-de-quitter-la-vie-active\/","title":{"rendered":"\u00c0 la retraite ou sur le point de quitter la vie active?"},"content":{"rendered":"  <div id=\"page-hero-block_db5ad77a63b96771653bbe6f162d245a\" class=\"page-hero\">\r\n    <div class=\"page-hero__container blue\" >\r\n      <div class=\"page-hero__image\">\r\n        <div class=\"page-hero__image__circle\">\r\n          <div class=\"page-hero__image__circle__bottom none\" style=\"background-image:url('\/wp-content\/uploads\/2022\/08\/Retirement-Retired-or-soon-scaled-1-1920x1012.jpg')\"><\/div>\r\n        <\/div>\r\n      <\/div>\r\n      <div class=\"page-hero__wrapper\">\r\n        <div class=\"page-hero__breadcrumb\">\r\n          <h1>\r\n                          <a href=\"\/fr\/retraite-et-epargne\/\"><span class=\"page-hero__breadcrumb__parent\">Retraite et \u00e9pargne<\/span><\/a> <span class=\"page-hero__breadcrumb__separator\">|<\/span>\r\n                        <span class=\"page-hero__breadcrumb__current\">\r\n                              \u00c0 la retraite ou sur le point de quitter la vie active?                          <\/span>\r\n          <\/h1>\r\n        <\/div>\r\n      <\/div>\r\n    <\/div>\r\n  <\/div>\r\n\n\n   <div id=\"anchor-link-block_66c3a061f25718f64e59fec70e29120b\" class=\"anchor-link\">\r\n      <a name=\"vous-songez-a-la-retraite\" class=\"anchor\"><\/a>\r\n   <\/div>\r\n\n\n\n<h2 class=\"wp-block-heading\">Vous songez \u00e0 la retraite?<\/h2>\n\n\n\n<p><strong>(D\u00e9j\u00e0 \u00e0 la retraite ?&nbsp;<u><span style=\"text-decoration: underline;\"><a href=\"https:\/\/cbbenefits.ca\/fr\/retraite-et-epargne\/a-la-retraite-ou-sur-le-point-de-quitter-la-vie-active\/#deja-a-la-retraite\">Allez \u00e0 votre section ci-dessous<\/a><\/span><\/u>) &nbsp;<\/strong><\/p>\n\n\n\n<p><strong>Le programme <em>Pr\u00eat pour la retraite <\/em>peut vous aider.<\/strong><\/p>\n\n\n\n<p>Le moment est venu de commencer \u00e0 utiliser les \u00e9pargnes que vous vous \u00eates acharn\u00e9 \u00e0 accumuler. Cela dit, vous pouvez aussi continuer de les faire fructifier!<\/p>\n\n\n\n<p>\u00c0 l\u2019approche de la retraite, vous aurez d\u2019importantes d\u00e9cisions \u00e0 prendre concernant la fa\u00e7on de convertir vos \u00e9pargnes en revenu de retraite. Vous devrez peser soigneusement ces d\u00e9cisions, car elles d\u00e9termineront la structure de votre revenu et risquent de ne pas \u00eatre r\u00e9versibles une fois adopt\u00e9es.<\/p>\n\n\n\n<p><strong>\u00c0 six mois de votre date de retraite<\/strong>, vous aurez acc\u00e8s au programme <em>Pr\u00eat pour la retraite, <\/em>service fort avantageux offert par BC Avantages, et ce, <strong>sans frais de votre part<\/strong>.<\/p>\n\n\n\n<p>Ce programme vise \u00e0 aider chaque participant au RRBC qui passe \u00e0 l\u2019\u00e9tape de la retraite \u00e0 obtenir les conseils financiers n\u00e9cessaires pour prendre des d\u00e9cisions \u00e9clair\u00e9es.<\/p>\n\n\n\n<p>Ce programme peut aussi vous offrir de l\u2019aide pour remplir les formulaires et les autres documents requis et, au besoin, jouer le r\u00f4le d\u2019interm\u00e9diaire entre vous et votre institution financi\u00e8re.<\/p>\n\n\n\n<p>Apr\u00e8s avoir finalis\u00e9 votre date de retraite aupr\u00e8s des coordonnateurs du programme, vous devrez communiquer avec votre employeur pour lui en informer. Ce dernier prendra contact avec la Canada Vie pour vous faire parvenir tous les formulaires, proc\u00e9der \u00e0 l\u2019interruption des cotisations et prendre les autres mesures applicables.<\/p>\n\n\n\n<p>Nous savons que vous pouvez avoir l&rsquo;impression qu&rsquo;il y a beaucoup \u00e0 faire lorsque vous vous pr\u00e9parez \u00e0 quitter la vie active. Mais cette courte vid\u00e9o explique chaque \u00e9tape que vous devez franchir, et nous pensons que vous conviendrez qu&rsquo;il n&rsquo;y a pas grand-chose \u00e0 faire pour se pr\u00eater \u00e0 la retraite ! Regardez-la !<\/p>\n\n\n\n<div style=\"padding:56.25% 0 0 0;position:relative;\"><iframe src=\"https:\/\/player.vimeo.com\/video\/1054637158?badge=0&amp;autopause=0&amp;player_id=0&amp;app_id=58479\" frameborder=\"0\" allow=\"autoplay; fullscreen; picture-in-picture; clipboard-write; encrypted-media\" style=\"position:absolute;top:0;left:0;width:100%;height:100%;\" title=\"BC Avantages - La retraite est presque l\u00e0\"><\/iframe><\/div><script src=\"https:\/\/player.vimeo.com\/api\/player.js\"><\/script>\n\n\n\n<p><\/p>\n\n\n\n<p><strong>\u00cates-vous <em>Pr\u00eat pour la retraite <\/em><\/strong>\u2013 ou presque?<br>Envoyez un courriel \u00e0 <a href=\"mailto:retire@cbbenefits.ca\" target=\"_blank\" rel=\"noreferrer noopener\">retire@cbbenefits.ca<\/a> pour d\u00e9marrer.<\/p>\n\n\n   <div id=\"spacer-block_e1e84fea1a0420b4371003e09fb8b008\" class=\"spacer spacer--regular\">\r\n\r\n   <\/div>\r\n\n\n   <div id=\"anchor-link-block_3314179dc1f0cfc01b34bbac6d314e4a\" class=\"anchor-link\">\r\n      <a name=\"vos-options-de-revenu-de-retraite\" class=\"anchor\"><\/a>\r\n   <\/div>\r\n\n\n\n<h2 class=\"wp-block-heading\">Vos options de revenu de retraite<\/h2>\n\n\n\n<p>Que ce soit pour acc\u00e9der \u00e0 <em>Pr\u00eat pour la retraite, <\/em>communiquer avec les sp\u00e9cialistes de la retraite et des placements de la Canada Vie ou investir dans le Fonds Fidelity Passage Revenu, vous obtiendrez tout le soutien n\u00e9cessaire pour passer \u00e0 l\u2019\u00e9tape suivante de votre vie.<\/p>\n\n\n\n<p>De plus, une fois \u00e0 la retraite, vous aurez toujours acc\u00e8s aux frais bas, \u00e0 la gestion professionnelle des fonds et aux services dont vous b\u00e9n\u00e9ficiez actuellement.<\/p>\n\n\n\n<p>Voici un aper\u00e7u de vos options pour convertir vos \u00e9pargnes-retraite en revenu.<\/p>\n\n\n   <div id=\"table-compare-block_4b23feaebcdc88991b4e84a52f56efb6\" class=\"table-compare\">\r\n     <div class=\"table-compare__wrapper\">\r\n       <div class=\"table-compare__table\">\r\n         <table>\r\n           <thead>\r\n             <tr>\r\n               <th><\/th>\r\n               <th>\r\n                                    <span class=\"table-compare__icon\"><img decoding=\"async\" src=\"\/wp-content\/uploads\/2022\/08\/health@4x.png\" alt=\"\"><\/span>\r\n\r\n                                  R\u00e9gimes d\u2019\u00e9pargne retraite               <\/th>\r\n               <th>\r\n                                    <span class=\"table-compare__icon\"><img decoding=\"async\" src=\"\/wp-content\/uploads\/2022\/08\/retirement@4x.png\" alt=\"\"><\/span>\r\n\r\n                                  Revenu de retraite               <\/th>\r\n             <\/tr>\r\n           <\/thead>\r\n           <tbody>\r\n                            <tr>\r\n                <td>\r\n                  <p><strong>R\u00e9gimes enregistr\u00e9s mais non immobilis\u00e9s <\/strong><\/p>\n                 <\/td>\r\n                 <td>\r\n                     <ul>\n<li>R\u00e9gime enregistr\u00e9 d\u2019\u00e9pargne-retraite (REER)<\/li>\n<li>REER collectif<\/li>\n<li>REER de conjoint<\/li>\n<li>REER autog\u00e9r\u00e9<\/li>\n<li>R\u00e9gime de participation diff\u00e9r\u00e9e aux b\u00e9n\u00e9fices<\/li>\n<\/ul>\n                 <\/td>\r\n                 <td>\r\n                     <p>Vous devez convertir vos r\u00e9gimes d\u2019\u00e9pargne en v\u00e9hicule de revenu de retraite avant la fin de l\u2019ann\u00e9e pendant laquelle vous atteignez l\u2019\u00e2ge de 71 ans. Vos options&nbsp;:<\/p>\n<ul>\n<li>Fonds enregistr\u00e9 de revenu de retraite (FERR)<\/li>\n<\/ul>\n<ul>\n<li>Rente viag\u00e8re ou \u00e0 \u00e9ch\u00e9ance fixe<\/li>\n<li>Paiement en esp\u00e8ces<\/li>\n<\/ul>\n                 <\/td>\r\n               <\/tr>\r\n                            <tr>\r\n                <td>\r\n                  <p><strong>R\u00e9gimes enregistr\u00e9s immobilis\u00e9s<\/strong><\/p>\n                 <\/td>\r\n                 <td>\r\n                     <ul>\n<li>R\u00e9gime de retraite \u00e0 cotisations d\u00e9termin\u00e9es (CD)<\/li>\n<li>REER immobilis\u00e9<\/li>\n<li>Compte de retraite immobilis\u00e9 (CRI)<\/li>\n<\/ul>\n                 <\/td>\r\n                 <td>\r\n                     <p>Vous devez convertir vos r\u00e9gimes d\u2019\u00e9pargne immobilis\u00e9s en r\u00e9gimes de revenu immobilis\u00e9s. Vos options&nbsp;:<\/p>\n<ul>\n<li>Fonds de revenu viager (FRV)<\/li>\n<li>Fonds de revenu de retraite immobilis\u00e9 (FRRI)<\/li>\n<li>Rente viag\u00e8re<\/li>\n<\/ul>\n                 <\/td>\r\n               <\/tr>\r\n                            <tr>\r\n                <td>\r\n                  <p><strong>Placements non enregistr\u00e9s<\/strong><\/p>\n                 <\/td>\r\n                 <td>\r\n                     <ul>\n<li>Compte de retraite libre d\u2019imp\u00f4t (CELI)<\/li>\n<li>Comptes d\u2019\u00e9pargne et de ch\u00e8ques<\/li>\n<li>Fonds communs de placement, fonds distincts, CPG, fonds n\u00e9goci\u00e9s en bourse, actions, obligations, Obligations d\u2019\u00e9pargne du Canada, maison\/entreprise\/immeuble de placement<\/li>\n<\/ul>\n                 <\/td>\r\n                 <td>\r\n                     <p>Vous pouvez conserver ces comptes \u00e0 la retraite<\/p>\n<ul>\n<li>Vous pouvez en tout temps effectuer des retraits ou des transferts ou y cotiser<\/li>\n<\/ul>\n                 <\/td>\r\n               <\/tr>\r\n                            <tr>\r\n                <td>\r\n                  <p><strong>Prestations gouvernementales <\/strong><\/p>\n                 <\/td>\r\n                 <td>\r\n                     <ul>\n<li>R\u00e9gime de pensions du Canada (RPC)<\/li>\n<li>R\u00e9gime de rentes du Qu\u00e9bec (RRQ)<\/li>\n<li>S\u00e9curit\u00e9 de la vieillesse (SV)<\/li>\n<\/ul>\n                 <\/td>\r\n                 <td>\r\n                     <p>Vous devez pr\u00e9senter une demande pour recevoir les prestations de ces r\u00e9gimes<\/p>\n                 <\/td>\r\n               <\/tr>\r\n                        <\/tbody>\r\n         <\/table>\r\n       <\/div>\r\n     <\/div>\r\n   <\/div>\r\n\n\n   <div id=\"spacer-block_e1e84fea1a0420b4371003e09fb8b008\" class=\"spacer spacer--regular\">\r\n\r\n   <\/div>\r\n\n\n   <div id=\"anchor-link-block_90c130674d91f7aeaabc22813843a7b8\" class=\"anchor-link\">\r\n      <a name=\"deja-a-la-retraite\" class=\"anchor\"><\/a>\r\n   <\/div>\r\n\n\n\n<h2 class=\"wp-block-heading\">D\u00e9j\u00e0 \u00e0 la retraite<\/h2>\n\n\n\n<p>Si vous avez des questions, nous pouvons vous aider \u00e0 trouver les r\u00e9ponses. Il suffit de consulter les ressources disponibles sur ce site Web ou de communiquer avec la Canada Vie.<\/p>\n\n\n\n<p>Nous organisons p\u00e9riodiquement des \u00e9v\u00e9nements con\u00e7us pour vous permettre de rester inform\u00e9. Vous pouvez acc\u00e9der \u00e0 l&rsquo;enregistrement de notre dernier \u00e9v\u00e9nement ci-dessous.<\/p>\n\n\n\n<p>Vous pouvez \u00e9galement acc\u00e9der \u00e0 <a href=\"\/wp-content\/uploads\/2022\/12\/CBBenefits-Retiree-Information-Session-December-2022_slides.pdf\">une copie des diapositives de la pr\u00e9sentation<\/a> (disponible seulment en anglais).<\/p>\n\n\n  <div id=\"cta-video-block_dd89911614f265db079140065126ad63\" class=\"cta-video\">\r\n    <a href=\"https:\/\/www.brainshark.com\/grs\/CBBenefitsRetiree2022\" target=\"_blank\">\r\n      <div class=\"cta-video__container brown\">\r\n        <div class=\"cta-video__icon\"><\/div>\r\n        <div class=\"cta-video__content\">\r\n          <div class=\"cta-video__heading\">\r\n            Canada Life Retiree Info Session &#8211; December 15, 2022          <\/div>\r\n          <div class=\"cta-video__description\">\r\n            Enregistrement en direct (seulement disponible en anglais)          <\/div>\r\n        <\/div>\r\n      <\/div>\r\n    <\/a>\r\n  <\/div>\r\n\n\n  <div id=\"related-resources-block_22cc43f5f6f0b3288162fb9c483a4e09\" class=\"related-resources\">\r\n    <div class=\"related-resources__container blue\">\r\n      <div class=\"related-resources__heading nohovertrans\">\r\n        <span class=\"related-resources__heading__icon\">\r\n          <img decoding=\"async\" src=\"\/wp-content\/uploads\/2022\/07\/retirement-white-300x300.png\" alt=\"\">\r\n        <\/span>\r\n        <div class=\"related-resources__heading__text\">\r\n          Ressources connexes\r\n          <span class=\"related-resources__heading__expander\">\r\n            <span class=\"related-resources__heading__expand\" data-expand=\"expand\" aria-hidden=\"true\">+<\/span>\r\n            <span class=\"related-resources__heading__expand\" data-expand=\"collapse\" aria-hidden=\"true\">\u2013<\/span>\r\n          <\/span>\r\n        <\/div>\r\n      <\/div>\r\n      <div class=\"related-resources__groups\">\r\n                  <div class=\"related-resources__group\">\r\n            <div class=\"related-resources__group__heading\">\r\n              Ressources            <\/div>\r\n\r\n            <ul class=\"related-resources__links\">\r\n                              <li class=\"related-resources__link\">\r\n                                      <a class=\"nohovertrans \" href=\"https:\/\/my.canadalife.com\/acceder\"  target=\"_blank\"  >Ma Canada Vie au travail<\/a>\r\n                                  <\/li>\r\n\r\n                              <li class=\"related-resources__link\">\r\n                                      <a class=\"nohovertrans \" href=\"https:\/\/www.smartpathnow.com\/fr\/vous-arrivez.html\"  target=\"_blank\"  >Parcours judicieux : Vous arrivez<\/a>\r\n                                  <\/li>\r\n\r\n                              <li class=\"related-resources__link\">\r\n                                      <a class=\"nohovertrans \" href=\"https:\/\/www.smartpathnow.com\/fr\/retraite.html\"  target=\"_blank\"  >Parcours judicieux&nbsp;: Conseils \u00e9clair sur la retraite<\/a>\r\n                                  <\/li>\r\n\r\n                              <li class=\"related-resources__link\">\r\n                                      <a class=\"nohovertrans \" href=\"https:\/\/my.canadalife.com\/acceder\"  target=\"_blank\"  >Trouver un formulaire<\/a>\r\n                                  <\/li>\r\n\r\n                          <\/ul>\r\n          <\/div>\r\n                  <div class=\"related-resources__group\">\r\n            <div class=\"related-resources__group__heading\">\r\n              Questions ou aide?            <\/div>\r\n\r\n            <ul class=\"related-resources__links\">\r\n                              <li class=\"related-resources__link\">\r\n                                      <a class=\"nohovertrans \" href=\"mailto:retire@cbbenefits.ca \"  target=\"_blank\"  >retire@cbbenefits.ca <\/a>\r\n                                  <\/li>\r\n\r\n                              <li class=\"related-resources__link\">\r\n                                      <div class=\"related-resources__link__text\">\r\n                      <p><a href=\"http:\/\/canlife.co\/cbbenefits\" target=\"_blank\" rel=\"noopener\">Prenez rendez-vous avec un Conseiller en sant\u00e9 et patrimoine de la Canada Vie <\/a>, ou composez le <a href=\"tel:1-844-545-0085\" target=\"_blank\" rel=\"noopener\">1-844-545-0085<\/a><\/p>\n                    <\/div>\r\n                                  <\/li>\r\n\r\n                          <\/ul>\r\n          <\/div>\r\n              <\/div>\r\n    <\/div>\r\n  <\/div>\r\n","protected":false},"excerpt":{"rendered":"<p>Vous songez \u00e0 la retraite? (D\u00e9j\u00e0 \u00e0 la retraite ?&nbsp;Allez \u00e0 votre section ci-dessous) &nbsp; Le programme Pr\u00eat pour la retraite peut vous aider. Le moment est venu de commencer \u00e0 utiliser les \u00e9pargnes que vous vous \u00eates acharn\u00e9 \u00e0 accumuler. Cela dit, vous pouvez aussi continuer de les faire fructifier! \u00c0 l\u2019approche de la [&hellip;]<\/p>\n","protected":false},"author":1,"featured_media":0,"parent":1596,"menu_order":4,"comment_status":"closed","ping_status":"closed","template":"page-template\/page-with-related-resources.php","meta":{"_acf_changed":false,"footnotes":""},"class_list":["post-1675","page","type-page","status-publish","hentry"],"acf":[],"_links":{"self":[{"href":"https:\/\/www.bcavantages.ca\/fr\/wp-json\/wp\/v2\/pages\/1675","targetHints":{"allow":["GET"]}}],"collection":[{"href":"https:\/\/www.bcavantages.ca\/fr\/wp-json\/wp\/v2\/pages"}],"about":[{"href":"https:\/\/www.bcavantages.ca\/fr\/wp-json\/wp\/v2\/types\/page"}],"author":[{"embeddable":true,"href":"https:\/\/www.bcavantages.ca\/fr\/wp-json\/wp\/v2\/users\/1"}],"replies":[{"embeddable":true,"href":"https:\/\/www.bcavantages.ca\/fr\/wp-json\/wp\/v2\/comments?post=1675"}],"version-history":[{"count":24,"href":"https:\/\/www.bcavantages.ca\/fr\/wp-json\/wp\/v2\/pages\/1675\/revisions"}],"predecessor-version":[{"id":4673,"href":"https:\/\/www.bcavantages.ca\/fr\/wp-json\/wp\/v2\/pages\/1675\/revisions\/4673"}],"up":[{"embeddable":true,"href":"https:\/\/www.bcavantages.ca\/fr\/wp-json\/wp\/v2\/pages\/1596"}],"wp:attachment":[{"href":"https:\/\/www.bcavantages.ca\/fr\/wp-json\/wp\/v2\/media?parent=1675"}],"curies":[{"name":"wp","href":"https:\/\/api.w.org\/{rel}","templated":true}]}}